{"id":2629,"date":"2023-09-30T11:43:00","date_gmt":"2023-09-30T09:43:00","guid":{"rendered":"https:\/\/cardisan.com\/informativa-sulla-privacy\/"},"modified":"2024-03-31T22:17:03","modified_gmt":"2024-03-31T20:17:03","slug":"informativa-sulla-privacy","status":"publish","type":"page","link":"https:\/\/cardisan.com\/it\/informativa-sulla-privacy\/","title":{"rendered":"Informativa sulla privacy"},"content":{"rendered":"<p>Il Titolare informa della propria Privacy Policy in merito al trattamento e alla protezione dei dati personali degli utenti che possono essere raccolti durante la navigazione del Sito: <a href=\"http:\/\/cardisan.com\/\">https:\/\/cardisan.com\/<\/a><\/p>\n<div class=\"page-content\">\n<p>A questo proposito, il Titolare garantisce il rispetto della normativa vigente in materia di protezione dei dati personali, come risulta dalla Legge Organica 3\/2018, del 5 dicembre, sulla protezione dei dati personali e la garanzia dei diritti digitali (LOPD GDD). \u00c8 inoltre conforme al Regolamento (UE) 2016\/679 del Parlamento europeo e del Consiglio del 27 aprile 2016 sulla protezione delle persone fisiche (GDPR).<\/p>\n<p>L&#8217;utilizzo del sito web implica l&#8217;accettazione della presente Informativa sulla privacy e delle condizioni incluse nell&#8217;<a href=\"\/aviso-legal\/\">Avviso legale<\/a>.<\/p>\n<h2>Identit\u00e0 della persona responsabile<\/h2>\n<ul>\n<li><b>Responsabile:<\/b> CARDISAN, S.L.<\/li>\n<li><b>NIF:<\/b> B-37043874<\/li>\n<li><b>Indirizzo:<\/b> Calle R\u00edo Tormes, 5. 37770 Guijuelo \u2013 Salamanca &#8211; SPAGNA<\/li>\n<li><b>Email:<\/b> informacion@cardisan.com<\/li>\n<li><strong>Telefono<\/strong>: (+34) 923 581 253<\/li>\n<li><b>Sito Web:<\/b> <a href=\"http:\/\/cardisan.com\/\">http:\/\/cardisan.com\/<\/a><\/li>\n<\/ul>\n<h2>Principi applicati all&#8217;elaborazione dei dati<\/h2>\n<p>Nel trattamento dei Suoi dati personali, il Titolare del trattamento applicher\u00e0 i seguenti principi, in linea con i requisiti del nuovo Regolamento europeo sulla protezione dei dati (GDPR):<\/p>\n<ul>\n<li>Principio di liceit\u00e0, correttezza e trasparenza: il Titolare del trattamento richieder\u00e0 sempre il consenso per il trattamento dei dati personali, che potr\u00e0 avvenire per una o pi\u00f9 finalit\u00e0 specifiche di cui il Titolare informer\u00e0 preventivamente l&#8217;Utente con assoluta trasparenza.<\/li>\n<li>Principio di minimizzazione dei dati: Il Titolare del trattamento richieder\u00e0 solo i dati strettamente necessari per le finalit\u00e0 per le quali i dati sono richiesti.<\/li>\n<li>Principio di limitazione del periodo di conservazione: Il Titolare del trattamento conserva i dati personali raccolti per il tempo strettamente necessario alle finalit\u00e0 del trattamento. Il Titolare del trattamento informer\u00e0 l&#8217;Utente del periodo di conservazione corrispondente in base alla finalit\u00e0.<br \/>\nNel caso di abbonamenti, il Registrant rivedr\u00e0 periodicamente gli elenchi e rimuover\u00e0 le registrazioni che sono rimaste inattive per un periodo di tempo considerevole.<\/li>\n<li>Principio di integrit\u00e0 e riservatezza: i dati personali raccolti saranno trattati in modo da garantirne la sicurezza, la riservatezza e l&#8217;integrit\u00e0.<br \/>\nIl Titolare del trattamento adotta le precauzioni necessarie per impedire l&#8217;accesso non autorizzato o l&#8217;uso improprio dei dati dei propri utenti da parte di terzi.<\/li>\n<\/ul>\n<h2>Raccolta di dati personali<\/h2>\n<p>Non \u00e8 necessario fornire alcun dato personale per navigare sul sito.<\/p>\n<h2>Diritti<\/h2>\n<p>L&#8217;interessato informa che ha il diritto di:<\/p>\n<ul>\n<li>Richiedere l&#8217;accesso ai dati memorizzati.<\/li>\n<li>Richiedere la rettifica o la cancellazione.<\/li>\n<li>Richiedere la limitazione del loro trattamento.<\/li>\n<li>Trattamento opposto.<\/li>\n<\/ul>\n<p>Non \u00e8 possibile esercitare il diritto alla portabilit\u00e0 dei dati.<\/p>\n<p>L&#8217;esercizio di questi diritti \u00e8 personale e deve quindi essere esercitato direttamente dall&#8217;interessato, richiedendolo direttamente al Titolare del trattamento, il che significa che qualsiasi cliente, abbonato o collaboratore che abbia fornito i propri dati in qualsiasi momento pu\u00f2 rivolgersi al Titolare del trattamento e richiedere informazioni sui dati conservati e su come sono stati ottenuti, richiedere la rettifica dei dati, opporsi al loro trattamento, limitarne l&#8217;uso o richiedere la cancellazione di tali dati dagli archivi del Titolare del trattamento.<\/p>\n<p>Per esercitare i propri diritti, si prega di inviare la richiesta, unitamente a una fotocopia della Carta d&#8217;Identit\u00e0 Nazionale o di un documento equivalente, al seguente indirizzo e-mail: <a href=\"mailto:informacion@cardisan.com\">informacion@cardisan.com<\/a><\/p>\n<p>L&#8217;esercizio di questi diritti non comprende i dati che il Titolare del trattamento \u00e8 obbligato a conservare per scopi amministrativi, legali o di sicurezza.<\/p>\n<p>L&#8217;utente ha diritto a un&#8217;efficace tutela giurisdizionale e a presentare un reclamo all&#8217;autorit\u00e0 di controllo, in questo caso l&#8217;Agenzia spagnola per la protezione dei dati, se ritiene che il trattamento dei dati personali che lo riguardano violi il regolamento.<\/p>\n<h2 id=\"finalidad-del-tratamiento-de-datos-personales\">Finalit\u00e0 del trattamento dei dati personali<\/h2>\n<p>Quando ci si collega al Sito per inviare un&#8217;e-mail al Titolare, iscriversi alla sua newsletter, si forniscono informazioni personali di cui il Titolare \u00e8 responsabile. Queste informazioni possono includere dati personali come l&#8217;indirizzo IP, il nome e il cognome, l&#8217;indirizzo fisico, l&#8217;indirizzo e-mail, il numero di telefono e altre informazioni. Fornendo queste informazioni, l&#8217;utente acconsente alla raccolta, all&#8217;uso, alla gestione e all&#8217;archiviazione dei propri dati da parte di &#8211; CARDISAN, S.L. &#8211; solo come descritto nelle pagine:<\/p>\n<ul>\n<li><a href=\"\/aviso-legal\/\">Avviso legale<\/a><\/li>\n<li><a href=\"\/politica-de-privacidad\/\">Informativa sulla privacy<\/a><\/li>\n<\/ul>\n<p>I dati personali e le finalit\u00e0 del trattamento da parte dell&#8217;interessato sono diversi a seconda del sistema di acquisizione delle informazioni:<\/p>\n<p>Esistono altre finalit\u00e0 per le quali il Titolare del trattamento tratta i dati personali:<\/p>\n<ul>\n<li>Per garantire il rispetto delle condizioni stabilite nella pagina delle Note legali e della legge applicabile. Ci\u00f2 pu\u00f2 includere lo sviluppo di strumenti e algoritmi per aiutare il Sito Web a garantire la riservatezza dei dati personali raccolti.<\/li>\n<li>Per supportare e migliorare i servizi offerti da questo sito web.<\/li>\n<\/ul>\n<h2>Sicurezza dei dati personali<\/h2>\n<p>Per proteggere i vostri dati personali, il Titolare del trattamento prende tutte le precauzioni ragionevoli e segue le migliori pratiche del settore per prevenire la perdita, l&#8217;uso improprio, l&#8217;accesso improprio, la divulgazione, l&#8217;alterazione o la distruzione dei vostri dati personali.<\/p>\n<p>I Suoi dati potranno essere inseriti in un archivio di mailing list, della cui gestione e trattamento \u00e8 responsabile il Titolare del trattamento. La sicurezza dei vostri dati \u00e8 garantita, in quanto il Titolare del trattamento adotta tutte le misure di sicurezza necessarie e garantisce che i dati personali saranno utilizzati solo per le finalit\u00e0 indicate.<\/p>\n<p>Il Titolare del trattamento informa l&#8217;Utente che i suoi dati personali non saranno trasferiti a organizzazioni terze, tranne nel caso in cui tale trasferimento di dati sia coperto da un obbligo di legge o quando la fornitura di un servizio implichi la necessit\u00e0 di un rapporto contrattuale con un responsabile del trattamento. In quest&#8217;ultimo caso, il trasferimento dei dati a terzi avverr\u00e0 solo quando il Titolare del trattamento avr\u00e0 il consenso esplicito dell&#8217;Utente.<\/p>\n<p>Tuttavia, in alcuni casi, possono essere avviate collaborazioni con altri professionisti; in questi casi, sar\u00e0 necessario il consenso dell&#8217;Utente, che comunicher\u00e0 l&#8217;identit\u00e0 del collaboratore e lo scopo della collaborazione. Il lavoro sar\u00e0 sempre svolto nel rispetto dei pi\u00f9 elevati standard di sicurezza.<\/p>\n<h2>Contenuti di altri siti web<\/h2>\n<p>Le pagine di questo sito web possono includere contenuti incorporati (ad esempio, video, immagini, articoli, ecc.). I contenuti incorporati di altri siti web si comportano esattamente come se l&#8217;utente avesse visitato l&#8217;altro sito web.<\/p>\n<p>Questi siti web possono raccogliere dati sull&#8217;utente, utilizzare cookie, incorporare codici di tracciamento aggiuntivi di terze parti e monitorare la sua interazione con tali codici.<\/p>\n<h2>Informativa sui cookie<\/h2>\n<p>Per funzionare correttamente, questo sito web ha bisogno di utilizzare i cookie, ovvero informazioni che vengono memorizzate nel browser web dell&#8217;utente.<\/p>\n<h2>Legittimazione al trattamento dei dati<\/h2>\n<p>La base giuridica per il trattamento dei vostri dati \u00e8:<\/p>\n<ul>\n<li>Il consenso dell&#8217;interessato.<\/li>\n<\/ul>\n<h2>Categorie di dati personali<\/h2>\n<p>Le categorie di dati personali trattati dal Titolare sono:<\/p>\n<ul>\n<li>Identificazione dei dati.<\/li>\n<li>Non vengono trattate categorie di dati particolarmente protette.<\/li>\n<\/ul>\n<h2>Conservazione dei dati personali<\/h2>\n<p>I dati personali forniti all&#8217;interessato saranno conservati fino a quando l&#8217;interessato non ne richieder\u00e0 la cancellazione.<\/p>\n<h2>Navigazione web<\/h2>\n<p>Durante la navigazione del Sito, possono essere raccolti dati non identificativi, tra cui l&#8217;indirizzo IP, la geolocalizzazione, un registro delle modalit\u00e0 di utilizzo dei servizi e dei siti, le abitudini di navigazione e altri dati che non possono essere utilizzati per identificare l&#8217;utente.<\/p>\n<p>Il sito web utilizza i seguenti servizi di analisi di terzi:<\/p>\n<p>Il Titolare utilizza le informazioni ottenute per ottenere dati statistici, analizzare le tendenze, amministrare il sito, studiare i modelli di navigazione e raccogliere informazioni demografiche.<\/p>\n<p>Il Titolare non \u00e8 responsabile del trattamento dei dati personali da parte dei siti web ai quali \u00e8 possibile accedere tramite i vari link presenti nel Sito.<\/p>\n<h2>Accuratezza e veridicit\u00e0 dei dati personali<\/h2>\n<p>Vi impegnate a garantire che i dati forniti al Titolare del trattamento siano corretti, completi, accurati e aggiornati, nonch\u00e9 a mantenerli debitamente aggiornati.<\/p>\n<p>In qualit\u00e0 di Utente del Sito, l&#8217;Utente \u00e8 l&#8217;unico responsabile della veridicit\u00e0 e correttezza dei dati immessi nel Sito, esonerando il Titolare da qualsiasi responsabilit\u00e0 al riguardo.<\/p>\n<h2>Accettazione e consenso<\/h2>\n<p>In qualit\u00e0 di Utente del Sito, Lei dichiara di essere stato informato delle condizioni sulla protezione dei dati personali, e di accettare e acconsentire al trattamento di tali dati da parte del Titolare con le modalit\u00e0 e per le finalit\u00e0 indicate nella presente Informativa sulla privacy.<\/p>\n<p>Per contattare il Titolare, iscriversi a una newsletter o fare commenti su questo sito web \u00e8 necessario accettare la presente Informativa sulla privacy.<\/p>\n<h2>Modifiche all&#8217;Informativa sulla privacy<\/h2>\n<p>Il Titolare si riserva il diritto di modificare la presente Informativa sulla privacy per adeguarla a nuove normative o giurisprudenze, nonch\u00e9 alle prassi del settore.<\/p>\n<p>Tali polizze rimarranno in vigore fino a quando non saranno modificate da altre polizze debitamente pubblicate.<\/p>\n<p>Il Titolare informa della propria Privacy Policy in merito al trattamento e alla protezione dei dati personali degli utenti che possono essere raccolti durante la navigazione del Sito: <a href=\"http:\/\/cardisan.com\/\">http:\/\/cardisan.com\/<\/a><\/p>\n<p>A questo proposito, il Titolare garantisce il rispetto della normativa vigente in materia di protezione dei dati personali, come risulta dalla Legge Organica 3\/2018, del 5 dicembre, sulla protezione dei dati personali e la garanzia dei diritti digitali (LOPD GDD). \u00c8 inoltre conforme al Regolamento (UE) 2016\/679 del Parlamento europeo e del Consiglio del 27 aprile 2016 sulla protezione delle persone fisiche (GDPR).<\/p>\n<p>L&#8217;utilizzo del sito web implica l&#8217;accettazione della presente Informativa sulla privacy e delle condizioni incluse nell&#8217;<a href=\"\/aviso-legal\/\">Avviso legale<\/a>.<\/p>\n<\/div>\n<p>&nbsp;<\/p>\n","protected":false},"excerpt":{"rendered":"<p>Il Titolare informa della propria Privacy Policy in merito al trattamento e alla protezione dei dati personali degli utenti che possono essere raccolti durante la navigazione del Sito: https:\/\/cardisan.com\/ A questo proposito, il Titolare garantisce il rispetto della normativa vigente in materia di protezione dei dati personali, come risulta dalla Legge Organica 3\/2018, del 5 [&hellip;]<\/p>\n","protected":false},"author":1,"featured_media":0,"parent":0,"menu_order":0,"comment_status":"closed","ping_status":"closed","template":"","meta":{"footnotes":""},"class_list":["post-2629","page","type-page","status-publish","hentry"],"_links":{"self":[{"href":"https:\/\/cardisan.com\/it\/wp-json\/wp\/v2\/pages\/2629","targetHints":{"allow":["GET"]}}],"collection":[{"href":"https:\/\/cardisan.com\/it\/wp-json\/wp\/v2\/pages"}],"about":[{"href":"https:\/\/cardisan.com\/it\/wp-json\/wp\/v2\/types\/page"}],"author":[{"embeddable":true,"href":"https:\/\/cardisan.com\/it\/wp-json\/wp\/v2\/users\/1"}],"replies":[{"embeddable":true,"href":"https:\/\/cardisan.com\/it\/wp-json\/wp\/v2\/comments?post=2629"}],"version-history":[{"count":0,"href":"https:\/\/cardisan.com\/it\/wp-json\/wp\/v2\/pages\/2629\/revisions"}],"wp:attachment":[{"href":"https:\/\/cardisan.com\/it\/wp-json\/wp\/v2\/media?parent=2629"}],"curies":[{"name":"wp","href":"https:\/\/api.w.org\/{rel}","templated":true}]}}