{"id":2628,"date":"2023-09-20T19:56:51","date_gmt":"2023-09-20T17:56:51","guid":{"rendered":"https:\/\/cardisan.com\/avviso-legale\/"},"modified":"2023-09-20T19:56:51","modified_gmt":"2023-09-20T17:56:51","slug":"avviso-legale","status":"publish","type":"page","link":"https:\/\/cardisan.com\/it\/avviso-legale\/","title":{"rendered":"Avviso legale"},"content":{"rendered":"<p>CARDISAN, S.L.<br \/>\nCalle R\u00edo Tormes, 5. 37770 Guijuelo \u2013 Salamanca &#8211; SPAGNA<br \/>\nCIF: B-37043874<br \/>\nTelefono: (+34) 923 581 253<br \/>\nMail: <a href=\"mailto:informacion@cardisan.com\">informacion@cardisan.com<\/a><\/p>\n<p>Registrato nel Registro Mercantile di Salamanca, Volume 109 Gral. L. 24. S. 2\u00aa di aziende. F. 15 H. 630. Insc. 1\u00aa datato 16-09-1986 &#8211; C.I.F.: B-37043874<\/p>\n<h2>Utilizzo del servizio di portale Internet<\/h2>\n<p>La presente nota legale regola l&#8217;utilizzo del servizio del portale internet il cui dominio \u00e8 www.cardisan.com.<\/p>\n<p>Questo avviso legale \u00e8 applicabile solo a questo sito web, ovvero a tutte le pagine e sottopagine incluse nel dominio www.cardisan.com. CARDISAN, S.L. declina ogni responsabilit\u00e0 per il contenuto e il funzionamento di siti web o pagine di terzi a cui si pu\u00f2 accedere tramite collegamenti ipertestuali o link situati in questo sito web e non gestiti direttamente da CARDISAN, S.L.<\/p>\n<p>A questo proposito, la presenza di collegamenti ipertestuali o link nelle pagine web di CARDISAN, S.L. ha uno scopo puramente informativo e non implica in nessun caso un suggerimento, un invito o una raccomandazione degli stessi.<\/p>\n<p>L&#8217;uso del sito web conferisce la condizione di utente dello stesso e implica l&#8217;accettazione piena e senza riserve di tutte e ciascuna delle disposizioni incluse nel presente Avviso legale nella versione pubblicata da CARDISAN, S.L. in qualsiasi momento.<\/p>\n<p>CARDISAN, S.L. si riserva il diritto di apportare le modifiche che ritiene opportune al proprio sito web senza preavviso, e pu\u00f2 cambiare, eliminare o aggiungere sia i contenuti che i servizi forniti attraverso il sito web e il modo in cui sono presentati o collocati sui propri server, senza che questo dia luogo a richieste di risarcimento o indennizzo, n\u00e9 implichi il riconoscimento di responsabilit\u00e0 di alcun tipo.<\/p>\n<p>L&#8217;Utente si impegna, in generale, a utilizzare il sito web nonch\u00e9 i contenuti, i servizi e le informazioni ad esso collegati con diligenza, nel rispetto della Legge, del buon costume, dell&#8217;ordine pubblico e delle disposizioni del presente Avviso Legale, e deve altres\u00ec astenersi dall&#8217;utilizzarli in qualsiasi modo che possa impedire il normale funzionamento e il godimento dei contenuti da parte degli utenti del sito web, o che possa danneggiare o causare danni alla propriet\u00e0 e ai diritti di CARDISAN, S.L., dei suoi utenti o, in generale, di qualsiasi terzo.<\/p>\n<h2><span class=\"h2d\">Informativa sulla privacy e sulla protezione dei dati.<\/span><\/h2>\n<p>In conformit\u00e0 con le disposizioni della Legge Organica 15\/2009, del 13 dicembre, sulla Protezione dei Dati Personali, CARDISAN, S.L. informa che i dati personali forniti volontariamente dall&#8217;Utente attraverso i moduli di contatto saranno inseriti in un archivio di propriet\u00e0 di CARDISAN, S.L. e trattati con l&#8217;unico scopo di mettere in contatto l&#8217;azienda con gli utenti che hanno effettuato qualsiasi tipo di richiesta attraverso la Web, cos\u00ec come per il rapporto commerciale e\/o pubblicitario CARDISAN, S.L.<\/p>\n<p>La compilazione dei moduli di contatto da parte dell&#8217;Utente implica l&#8217;espresso consenso alla raccolta dei suoi dati da parte di CARDISAN, S.L. e l&#8217;informazione che i suoi dati saranno conservati negli archivi di propriet\u00e0 della societ\u00e0.<\/p>\n<p>CARDISAN, S.L. \u00e8 responsabile dei file e si impegna a non utilizzare i dati per scopi diversi da quelli per cui sono stati raccolti, n\u00e9 a trasferirli illegittimamente a terzi. Allo stesso modo, CARDISAN, S.L. si impegna a trattare con riservatezza i dati personali forniti volontariamente dall&#8217;Utente e ad applicare le misure tecniche, organizzative e di sicurezza necessarie per impedire l&#8217;elaborazione o l&#8217;accesso non autorizzato, in conformit\u00e0 con la normativa vigente in materia di protezione dei dati.<\/p>\n<p>In questo senso, CARDISAN, S.L. tratter\u00e0 i dati personali comunicati dall&#8217;Utente adottando i livelli e le misure di sicurezza pertinenti in conformit\u00e0 con le normative vigenti in materia di protezione dei dati personali, tra cui la Legge Organica 15\/1999, del 13 dicembre, sulla Protezione dei Dati Personali e il Decreto Reale 1720\/2007, del 21 dicembre.<\/p>\n<p>L&#8217;Utente garantisce che i Dati personali forniti a CARDISAN, S.L. sono veritieri ed \u00e8 responsabile di notificare a CARDISAN, S.L. qualsiasi modifica degli stessi. CARDISAN, S.L. si riserva il diritto di escludere dai servizi registrati qualsiasi Utente che abbia fornito dati falsi o errati, senza pregiudizio per qualsiasi altra azione legale che possa essere intrapresa. Allo stesso modo, gli Utenti possono inviare le loro comunicazioni ed esercitare i diritti di accesso, rettifica, cancellazione e opposizione inviando una lettera ordinaria a CARDISAN, S.L., o inviando un&#8217;e-mail a informacion@cardisan.com o chiamando il numero +34 923 581 253.<\/p>\n<h2><span class=\"h2d\">Esclusione di garanzie.<\/span><\/h2>\n<p>Il sito web \u00e8 incentrato sulla promozione e presentazione dei prodotti CARDISAN, S.L., che garantisce la veridicit\u00e0, la qualit\u00e0, la sicurezza e la legalit\u00e0 dei prodotti promossi; e si impegna a rispettare la veridicit\u00e0 dei dati, salvo errori tipografici, adeguandoli alla LSSICE e alle altre normative vigenti.<\/p>\n<p>CARDISAN, S.L. non pu\u00f2 garantire che il Sito Web e i servizi ad esso collegati funzionino sempre correttamente, che l&#8217;Utente possa accedervi e utilizzarli in modo rapido, ininterrotto e senza errori.<\/p>\n<p>CARDISAN, S.L. agir\u00e0 diligentemente secondo gli usi generali accettati nel settore per evitare la presenza nel sito web o in uno qualsiasi dei servizi ad esso collegati di virus o altri elementi dannosi che possano causare alterazioni al sistema informatico, ai documenti elettronici o ai file dell&#8217;Utente, ma non pu\u00f2 garantire l&#8217;assenza di tali elementi, e non sar\u00e0 responsabile dei danni che ci\u00f2 potrebbe causare.<\/p>\n<h2><span class=\"h2d\">Propriet\u00e0 intellettuale e industriale.<\/span><\/h2>\n<p>L&#8217;Utente riconosce che tutti gli elementi del Sito web, le informazioni e i materiali in esso contenuti, la struttura, la selezione, la disposizione e la presentazione dei suoi contenuti e i programmi informatici utilizzati in relazione ad esso sono protetti da diritti di propriet\u00e0 intellettuale e industriale di CARDISAN, S.L. o di terzi.<\/p>\n<p>L&#8217;accesso al Sito non presuppone l&#8217;acquisizione da parte degli utenti del diritto di propriet\u00e0 sui contenuti in esso presenti.<\/p>\n<p>Salvo autorizzazione di CARDISAN, S.L. o, se del caso, dei terzi titolari dei diritti corrispondenti, o salvo autorizzazione legale, l&#8217;Utente non pu\u00f2 riprodurre, trasformare, modificare, disassemblare, decodificare, distribuire, affittare, prestare, mettere a disposizione o consentire l&#8217;accesso al pubblico con qualsiasi mezzo di comunicazione pubblica di uno qualsiasi degli elementi di cui al paragrafo precedente.<\/p>\n<p>L&#8217;Utente deve utilizzare i materiali, gli elementi e le informazioni a cui accede attraverso l&#8217;uso del Sito web esclusivamente per le proprie esigenze, e si impegna a non effettuare alcuno sfruttamento commerciale diretto o indiretto dei servizi o dei materiali, degli elementi e delle informazioni ottenuti attraverso gli stessi.<\/p>\n<p>L&#8217;utente deve astenersi dal rimuovere qualsiasi segno identificativo dei diritti (intellettuali, industriali o di qualsiasi altro tipo) di CARDISAN, S.L. o di terzi che appaia sul sito web e nei contenuti offerti attraverso di esso. Allo stesso modo, l&#8217;Utente si asterr\u00e0 dall&#8217;eludere o manipolare qualsiasi dispositivo tecnico stabilito da CARDISAN, S.L. o da terzi, sia sul Sito web che in qualsiasi materiale, elemento o informazione ottenuta attraverso lo stesso, per la protezione dei propri diritti.<\/p>\n","protected":false},"excerpt":{"rendered":"<p>CARDISAN, S.L. Calle R\u00edo Tormes, 5. 37770 Guijuelo \u2013 Salamanca &#8211; SPAGNA CIF: B-37043874 Telefono: (+34) 923 581 253 Mail: informacion@cardisan.com Registrato nel Registro Mercantile di Salamanca, Volume 109 Gral. L. 24. S. 2\u00aa di aziende. F. 15 H. 630. Insc. 1\u00aa datato 16-09-1986 &#8211; C.I.F.: B-37043874 Utilizzo del servizio di portale Internet La presente [&hellip;]<\/p>\n","protected":false},"author":1,"featured_media":0,"parent":0,"menu_order":0,"comment_status":"closed","ping_status":"closed","template":"","meta":{"footnotes":""},"class_list":["post-2628","page","type-page","status-publish","hentry"],"_links":{"self":[{"href":"https:\/\/cardisan.com\/it\/wp-json\/wp\/v2\/pages\/2628","targetHints":{"allow":["GET"]}}],"collection":[{"href":"https:\/\/cardisan.com\/it\/wp-json\/wp\/v2\/pages"}],"about":[{"href":"https:\/\/cardisan.com\/it\/wp-json\/wp\/v2\/types\/page"}],"author":[{"embeddable":true,"href":"https:\/\/cardisan.com\/it\/wp-json\/wp\/v2\/users\/1"}],"replies":[{"embeddable":true,"href":"https:\/\/cardisan.com\/it\/wp-json\/wp\/v2\/comments?post=2628"}],"version-history":[{"count":0,"href":"https:\/\/cardisan.com\/it\/wp-json\/wp\/v2\/pages\/2628\/revisions"}],"wp:attachment":[{"href":"https:\/\/cardisan.com\/it\/wp-json\/wp\/v2\/media?parent=2628"}],"curies":[{"name":"wp","href":"https:\/\/api.w.org\/{rel}","templated":true}]}}