{"id":2560,"date":"2024-01-29T17:02:56","date_gmt":"2024-01-29T16:02:56","guid":{"rendered":"https:\/\/cardisan.com\/iberici\/"},"modified":"2024-04-04T15:50:12","modified_gmt":"2024-04-04T13:50:12","slug":"iberici","status":"publish","type":"page","link":"https:\/\/cardisan.com\/it\/iberici\/","title":{"rendered":"Iberici"},"content":{"rendered":"\t\t<div data-elementor-type=\"wp-page\" data-elementor-id=\"2560\" class=\"elementor elementor-2560 elementor-948\" data-elementor-post-type=\"page\">\n\t\t\t\t\t\t<section class=\"elementor-section elementor-top-section elementor-element elementor-element-9ab0b13 elementor-section-height-min-height elementor-section-items-bottom elementor-section-boxed elementor-section-height-default\" data-id=\"9ab0b13\" data-element_type=\"section\" data-settings=\"{&quot;background_background&quot;:&quot;classic&quot;}\">\n\t\t\t\t\t\t\t<div class=\"elementor-background-overlay\"><\/div>\n\t\t\t\t\t\t\t<div class=\"elementor-container elementor-column-gap-default\">\n\t\t\t\t\t<div class=\"elementor-column elementor-col-100 elementor-top-column elementor-element elementor-element-2a79f26\" data-id=\"2a79f26\" data-element_type=\"column\">\n\t\t\t<div class=\"elementor-widget-wrap elementor-element-populated\">\n\t\t\t\t\t\t<div class=\"elementor-element elementor-element-a817005 animated-slow elementor-invisible elementor-widget elementor-widget-heading\" data-id=\"a817005\" data-element_type=\"widget\" data-settings=\"{&quot;_animation&quot;:&quot;fadeIn&quot;,&quot;_animation_delay&quot;:400}\" data-widget_type=\"heading.default\">\n\t\t\t\t<div class=\"elementor-widget-container\">\n\t\t\t\t\t<h1 class=\"elementor-heading-title elementor-size-default\">Iberici<\/h1>\t\t\t\t<\/div>\n\t\t\t\t<\/div>\n\t\t\t\t\t<\/div>\n\t\t<\/div>\n\t\t\t\t\t<\/div>\n\t\t<\/section>\n\t\t\t\t<section class=\"elementor-section elementor-top-section elementor-element elementor-element-34c7d07 elementor-section-boxed elementor-section-height-default elementor-section-height-default\" data-id=\"34c7d07\" data-element_type=\"section\">\n\t\t\t\t\t\t<div class=\"elementor-container elementor-column-gap-default\">\n\t\t\t\t\t<div class=\"elementor-column elementor-col-100 elementor-top-column elementor-element elementor-element-b52541f\" data-id=\"b52541f\" data-element_type=\"column\">\n\t\t\t<div class=\"elementor-widget-wrap elementor-element-populated\">\n\t\t\t\t\t\t<div class=\"elementor-element elementor-element-1f3ac80 elementor-invisible elementor-widget elementor-widget-image\" data-id=\"1f3ac80\" data-element_type=\"widget\" data-settings=\"{&quot;_animation&quot;:&quot;fadeIn&quot;}\" data-widget_type=\"image.default\">\n\t\t\t\t<div class=\"elementor-widget-container\">\n\t\t\t\t\t\t\t\t\t\t\t\t\t\t\t<img fetchpriority=\"high\" decoding=\"async\" width=\"700\" height=\"700\" src=\"https:\/\/cardisan.com\/wp-content\/uploads\/bellotas.png\" class=\"attachment-large size-large wp-image-2577\" alt=\"\" srcset=\"https:\/\/cardisan.com\/wp-content\/uploads\/bellotas.png 700w, https:\/\/cardisan.com\/wp-content\/uploads\/bellotas-300x300.png 300w, https:\/\/cardisan.com\/wp-content\/uploads\/bellotas-150x150.png 150w\" sizes=\"(max-width: 700px) 100vw, 700px\" \/>\t\t\t\t\t\t\t\t\t\t\t\t\t\t\t<\/div>\n\t\t\t\t<\/div>\n\t\t\t\t<div class=\"elementor-element elementor-element-b78a184 elementor-widget elementor-widget-heading\" data-id=\"b78a184\" data-element_type=\"widget\" data-widget_type=\"heading.default\">\n\t\t\t\t<div class=\"elementor-widget-container\">\n\t\t\t\t\t<h2 class=\"elementor-heading-title elementor-size-default\">Maestri nell'arte del gusto dal 1898.<\/h2>\t\t\t\t<\/div>\n\t\t\t\t<\/div>\n\t\t\t\t<div class=\"elementor-element elementor-element-31ab265 elementor-widget elementor-widget-text-editor\" data-id=\"31ab265\" data-element_type=\"widget\" data-widget_type=\"text-editor.default\">\n\t\t\t\t<div class=\"elementor-widget-container\">\n\t\t\t\t\t\t\t\t\t<p>Pi\u00f9 di un secolo di tradizione incontra all&#8217;innovazione per offrirvi il meglio dei prosciutti e degli insaccati. Scoprite le nostre tre gamme emblematiche: <strong>Capaquebrada<\/strong>, <strong>Cardis\u00e1n<\/strong> e <strong>S\u00e1nchez Nieto<\/strong>. Ognuna di esse \u00e8 un tributo alla dedizione e alla passione per l&#8217;eccellenza.<\/p>\n<p>Immergetevi in un mondo di sapori eccezionali che solo Cardis\u00e1n pu\u00f2 offrirvi.<\/p>\t\t\t\t\t\t\t\t<\/div>\n\t\t\t\t<\/div>\n\t\t\t\t<section class=\"elementor-section elementor-inner-section elementor-element elementor-element-415cca6 elementor-section-content-middle elementor-section-boxed elementor-section-height-default elementor-section-height-default\" data-id=\"415cca6\" data-element_type=\"section\">\n\t\t\t\t\t\t<div class=\"elementor-container elementor-column-gap-default\">\n\t\t\t\t\t<div class=\"elementor-column elementor-col-33 elementor-inner-column elementor-element elementor-element-6e59195 elementor-invisible\" data-id=\"6e59195\" data-element_type=\"column\" data-settings=\"{&quot;animation&quot;:&quot;fadeInUp&quot;}\">\n\t\t\t<div class=\"elementor-widget-wrap elementor-element-populated\">\n\t\t\t\t\t\t<div class=\"elementor-element elementor-element-a6c5127 elementor-widget elementor-widget-image\" data-id=\"a6c5127\" data-element_type=\"widget\" data-widget_type=\"image.default\">\n\t\t\t\t<div class=\"elementor-widget-container\">\n\t\t\t\t\t\t\t\t\t\t\t\t\t\t\t\t<a href=\"https:\/\/cardisan.com\/it\/iberici\/capaquebrada\/\">\n\t\t\t\t\t\t\t<img decoding=\"async\" width=\"800\" height=\"139\" src=\"https:\/\/cardisan.com\/wp-content\/uploads\/capaquebrada.png\" class=\"elementor-animation-grow attachment-large size-large wp-image-2564\" alt=\"\" srcset=\"https:\/\/cardisan.com\/wp-content\/uploads\/capaquebrada.png 800w, https:\/\/cardisan.com\/wp-content\/uploads\/capaquebrada-300x52.png 300w, https:\/\/cardisan.com\/wp-content\/uploads\/capaquebrada-768x133.png 768w\" sizes=\"(max-width: 800px) 100vw, 800px\" \/>\t\t\t\t\t\t\t\t<\/a>\n\t\t\t\t\t\t\t\t\t\t\t\t\t\t\t<\/div>\n\t\t\t\t<\/div>\n\t\t\t\t\t<\/div>\n\t\t<\/div>\n\t\t\t\t<div class=\"elementor-column elementor-col-33 elementor-inner-column elementor-element elementor-element-f767313 elementor-invisible\" data-id=\"f767313\" data-element_type=\"column\" data-settings=\"{&quot;animation&quot;:&quot;fadeInUp&quot;,&quot;animation_delay&quot;:200}\">\n\t\t\t<div class=\"elementor-widget-wrap elementor-element-populated\">\n\t\t\t\t\t\t<div class=\"elementor-element elementor-element-7422b88 elementor-widget elementor-widget-image\" data-id=\"7422b88\" data-element_type=\"widget\" data-widget_type=\"image.default\">\n\t\t\t\t<div class=\"elementor-widget-container\">\n\t\t\t\t\t\t\t\t\t\t\t\t\t\t\t\t<a href=\"https:\/\/cardisan.com\/it\/iberici\/cardisan\/\">\n\t\t\t\t\t\t\t<img decoding=\"async\" width=\"600\" height=\"133\" src=\"https:\/\/cardisan.com\/wp-content\/uploads\/cardisan-sin.png\" class=\"elementor-animation-grow attachment-large size-large wp-image-2606\" alt=\"\" srcset=\"https:\/\/cardisan.com\/wp-content\/uploads\/cardisan-sin.png 600w, https:\/\/cardisan.com\/wp-content\/uploads\/cardisan-sin-300x67.png 300w\" sizes=\"(max-width: 600px) 100vw, 600px\" \/>\t\t\t\t\t\t\t\t<\/a>\n\t\t\t\t\t\t\t\t\t\t\t\t\t\t\t<\/div>\n\t\t\t\t<\/div>\n\t\t\t\t\t<\/div>\n\t\t<\/div>\n\t\t\t\t<div class=\"elementor-column elementor-col-33 elementor-inner-column elementor-element elementor-element-bba7762 elementor-invisible\" data-id=\"bba7762\" data-element_type=\"column\" data-settings=\"{&quot;animation&quot;:&quot;fadeInUp&quot;,&quot;animation_delay&quot;:400}\">\n\t\t\t<div class=\"elementor-widget-wrap elementor-element-populated\">\n\t\t\t\t\t\t<div class=\"elementor-element elementor-element-ac224a0 elementor-widget elementor-widget-image\" data-id=\"ac224a0\" data-element_type=\"widget\" data-widget_type=\"image.default\">\n\t\t\t\t<div class=\"elementor-widget-container\">\n\t\t\t\t\t\t\t\t\t\t\t\t\t\t\t\t<a href=\"https:\/\/cardisan.com\/it\/iberici\/sanchez-nieto\/\">\n\t\t\t\t\t\t\t<img loading=\"lazy\" decoding=\"async\" width=\"800\" height=\"178\" src=\"https:\/\/cardisan.com\/wp-content\/uploads\/logo-sanchez-nieto.png\" class=\"elementor-animation-grow attachment-large size-large wp-image-2565\" alt=\"\" srcset=\"https:\/\/cardisan.com\/wp-content\/uploads\/logo-sanchez-nieto.png 1005w, https:\/\/cardisan.com\/wp-content\/uploads\/logo-sanchez-nieto-300x67.png 300w, https:\/\/cardisan.com\/wp-content\/uploads\/logo-sanchez-nieto-768x171.png 768w\" sizes=\"(max-width: 800px) 100vw, 800px\" \/>\t\t\t\t\t\t\t\t<\/a>\n\t\t\t\t\t\t\t\t\t\t\t\t\t\t\t<\/div>\n\t\t\t\t<\/div>\n\t\t\t\t\t<\/div>\n\t\t<\/div>\n\t\t\t\t\t<\/div>\n\t\t<\/section>\n\t\t\t\t\t<\/div>\n\t\t<\/div>\n\t\t\t\t\t<\/div>\n\t\t<\/section>\n\t\t\t\t<\/div>\n\t\t","protected":false},"excerpt":{"rendered":"<p>Iberici Maestri nell&#8217;arte del gusto dal 1898. Pi\u00f9 di un secolo di tradizione incontra all&#8217;innovazione per offrirvi il meglio dei prosciutti e degli insaccati. Scoprite le nostre tre gamme emblematiche: Capaquebrada, Cardis\u00e1n e S\u00e1nchez Nieto. Ognuna di esse \u00e8 un tributo alla dedizione e alla passione per l&#8217;eccellenza. Immergetevi in un mondo di sapori eccezionali [&hellip;]<\/p>\n","protected":false},"author":1,"featured_media":2566,"parent":0,"menu_order":0,"comment_status":"closed","ping_status":"closed","template":"","meta":{"footnotes":""},"class_list":["post-2560","page","type-page","status-publish","has-post-thumbnail","hentry"],"_links":{"self":[{"href":"https:\/\/cardisan.com\/it\/wp-json\/wp\/v2\/pages\/2560","targetHints":{"allow":["GET"]}}],"collection":[{"href":"https:\/\/cardisan.com\/it\/wp-json\/wp\/v2\/pages"}],"about":[{"href":"https:\/\/cardisan.com\/it\/wp-json\/wp\/v2\/types\/page"}],"author":[{"embeddable":true,"href":"https:\/\/cardisan.com\/it\/wp-json\/wp\/v2\/users\/1"}],"replies":[{"embeddable":true,"href":"https:\/\/cardisan.com\/it\/wp-json\/wp\/v2\/comments?post=2560"}],"version-history":[{"count":0,"href":"https:\/\/cardisan.com\/it\/wp-json\/wp\/v2\/pages\/2560\/revisions"}],"wp:featuredmedia":[{"embeddable":true,"href":"https:\/\/cardisan.com\/it\/wp-json\/wp\/v2\/media\/2566"}],"wp:attachment":[{"href":"https:\/\/cardisan.com\/it\/wp-json\/wp\/v2\/media?parent=2560"}],"curies":[{"name":"wp","href":"https:\/\/api.w.org\/{rel}","templated":true}]}}