{"id":2439,"date":"2023-09-30T11:43:00","date_gmt":"2023-09-30T09:43:00","guid":{"rendered":"https:\/\/cardisan.com\/politique-de-confidentialite\/"},"modified":"2024-03-12T19:42:18","modified_gmt":"2024-03-12T18:42:18","slug":"politique-de-confidentialite","status":"publish","type":"page","link":"https:\/\/cardisan.com\/fr\/politique-de-confidentialite\/","title":{"rendered":"Politique de confidentialit\u00e9"},"content":{"rendered":"<p>Le Propri\u00e9taire vous informe de sa politique de confidentialit\u00e9 concernant le traitement et la protection des donn\u00e9es personnelles des utilisateurs qui peuvent \u00eatre collect\u00e9es lors de la navigation sur le site Web : <a href=\"http:\/\/cardisan.com\/\">https:\/\/cardisan.com\/<\/a><\/p>\n<div class=\"page-content\">\n<p>\u00c0 cet \u00e9gard, le Titulaire garantit le respect de la l\u00e9gislation en vigueur en mati\u00e8re de protection des donn\u00e9es \u00e0 caract\u00e8re personnel, telle que refl\u00e9t\u00e9e dans la loi organique 3\/2018, du 5 d\u00e9cembre, sur la protection des donn\u00e9es \u00e0 caract\u00e8re personnel et la garantie des droits num\u00e9riques (LOPD GDD). Il est \u00e9galement conforme au r\u00e8glement (UE) 2016\/679 du Parlement europ\u00e9en et du Conseil du 27 avril 2016 relatif \u00e0 la protection des personnes physiques (GDPR).<\/p>\n<p>L&rsquo;utilisation du site web implique l&rsquo;acceptation de la pr\u00e9sente politique de confidentialit\u00e9 ainsi que des conditions incluses dans <a href=\"\/aviso-legal\/\">l&rsquo;avis juridique<\/a>.<\/p>\n<h2>Identit\u00e9 de la personne responsable<\/h2>\n<ul>\n<li><b>Responsable:<\/b> CARDISAN, S.L.<\/li>\n<li><b>NIF:<\/b> B-37043874<\/li>\n<li><b>Adresse:<\/b> Calle R\u00edo Tormes, 5. 37770 Guijuelo \u2013 Salamanca &#8211; ESPAGNE<\/li>\n<li><b>Adresse \u00e9lectronique:<\/b> informacion@cardisan.com<\/li>\n<li><strong>T\u00e9l\u00e9phone:<\/strong> (+34) 923 581 253<\/li>\n<li><b>Site web:<\/b> <a href=\"http:\/\/cardisan.com\/\">http:\/\/cardisan.com\/<\/a><\/li>\n<\/ul>\n<h2>Principes appliqu\u00e9s au traitement des donn\u00e9es<\/h2>\n<p>Lors du traitement de vos donn\u00e9es \u00e0 caract\u00e8re personnel, le responsable du traitement applique les principes suivants, qui sont conformes aux exigences du nouveau r\u00e8glement europ\u00e9en sur la protection des donn\u00e9es (GDPR) :<\/p>\n<ul>\n<li>Principe de l\u00e9galit\u00e9, d&rsquo;\u00e9quit\u00e9 et de transparence : le responsable du traitement des donn\u00e9es demandera toujours le consentement de l&rsquo;utilisateur pour le traitement des donn\u00e9es \u00e0 caract\u00e8re personnel, qui peut avoir une ou plusieurs finalit\u00e9s sp\u00e9cifiques dont le responsable du traitement des donn\u00e9es informera l&rsquo;utilisateur au pr\u00e9alable, en toute transparence.<\/li>\n<li>Principe de minimisation des donn\u00e9es : Le responsable du traitement ne demande que les donn\u00e9es strictement n\u00e9cessaires aux fins pour lesquelles les donn\u00e9es sont demand\u00e9es.<\/li>\n<li>Principe de limitation de la dur\u00e9e de conservation : Le responsable du traitement conserve les donn\u00e9es \u00e0 caract\u00e8re personnel collect\u00e9es pendant la dur\u00e9e strictement n\u00e9cessaire \u00e0 la r\u00e9alisation de la ou des finalit\u00e9s du traitement. Le responsable du traitement des donn\u00e9es informera l&rsquo;utilisateur de la p\u00e9riode de conservation correspondante en fonction de la finalit\u00e9.<br \/>\nDans le cas des abonnements, le titulaire r\u00e9visera p\u00e9riodiquement les listes et supprimera les enregistrements qui sont rest\u00e9s inactifs pendant une p\u00e9riode de temps consid\u00e9rable.<\/li>\n<li>Principe d&rsquo;int\u00e9grit\u00e9 et de confidentialit\u00e9 : les donn\u00e9es \u00e0 caract\u00e8re personnel collect\u00e9es sont trait\u00e9es de mani\u00e8re \u00e0 garantir leur s\u00e9curit\u00e9, leur confidentialit\u00e9 et leur int\u00e9grit\u00e9.<br \/>\nLe contr\u00f4leur des donn\u00e9es prend les pr\u00e9cautions n\u00e9cessaires pour emp\u00eacher l&rsquo;acc\u00e8s non autoris\u00e9 ou l&rsquo;utilisation abusive des donn\u00e9es de ses utilisateurs par des tiers.<\/li>\n<\/ul>\n<h2>Collecte de donn\u00e9es \u00e0 caract\u00e8re personnel<\/h2>\n<p>Vous n&rsquo;avez pas besoin de fournir de donn\u00e9es personnelles pour naviguer sur le site.<\/p>\n<h2>Droits<\/h2>\n<p>La personne concern\u00e9e vous informe qu&rsquo;elle a le droit de:<\/p>\n<ul>\n<li>Demander l&rsquo;acc\u00e8s aux donn\u00e9es stock\u00e9es.<\/li>\n<li>Demander la rectification ou l&rsquo;effacement.<\/li>\n<li>Demander la limitation de leur traitement.<\/li>\n<li>Traitement contradictoire.<\/li>\n<\/ul>\n<p>Vous ne pouvez pas exercer le droit \u00e0 la portabilit\u00e9 des donn\u00e9es.<\/p>\n<p>L&rsquo;exercice de ces droits est personnel et doit donc \u00eatre exerc\u00e9 directement par la personne concern\u00e9e, en le demandant directement au responsable du traitement, ce qui signifie que tout client, abonn\u00e9 ou collaborateur ayant fourni ses donn\u00e9es \u00e0 tout moment peut contacter le responsable du traitement et demander des informations sur les donn\u00e9es stock\u00e9es et la mani\u00e8re dont elles ont \u00e9t\u00e9 obtenues, demander la rectification des donn\u00e9es, s&rsquo;opposer \u00e0 leur traitement, limiter leur utilisation ou demander la suppression de ces donn\u00e9es des fichiers du responsable du traitement.<\/p>\n<p>Pour exercer vos droits, veuillez envoyer votre demande accompagn\u00e9e d&rsquo;une photocopie de votre carte d&rsquo;identit\u00e9 nationale ou d&rsquo;un document \u00e9quivalent \u00e0 l&rsquo;adresse \u00e9lectronique suivante: <a href=\"mailto:informacion@cardisan.com\">informacion@cardisan.com<\/a><\/p>\n<p>L&rsquo;exercice de ces droits n&rsquo;inclut pas les donn\u00e9es que le responsable du traitement est tenu de conserver \u00e0 des fins administratives, juridiques ou de s\u00e9curit\u00e9.<\/p>\n<p>Vous avez le droit de b\u00e9n\u00e9ficier d&rsquo;une protection juridictionnelle effective et d&rsquo;introduire une r\u00e9clamation aupr\u00e8s de l&rsquo;autorit\u00e9 de contr\u00f4le, en l&rsquo;occurrence l&rsquo;Agence espagnole de protection des donn\u00e9es, si vous estimez que le traitement des donn\u00e9es \u00e0 caract\u00e8re personnel vous concernant n&rsquo;est pas conforme au r\u00e8glement.<\/p>\n<h2 id=\"finalidad-del-tratamiento-de-datos-personales\">Finalit\u00e9 du traitement des donn\u00e9es \u00e0 caract\u00e8re personnel<\/h2>\n<p>Lorsque vous vous connectez au site web pour envoyer un courrier \u00e9lectronique au propri\u00e9taire, vous abonner \u00e0 sa lettre d&rsquo;information, vous fournissez des informations personnelles dont le propri\u00e9taire est responsable. Ces informations peuvent inclure des donn\u00e9es personnelles telles que votre adresse IP, vos nom et pr\u00e9nom, votre adresse physique, votre adresse \u00e9lectronique, votre num\u00e9ro de t\u00e9l\u00e9phone et d&rsquo;autres informations. En fournissant ces informations, vous consentez \u00e0 ce qu&rsquo;elles soient collect\u00e9es, utilis\u00e9es, g\u00e9r\u00e9es et stock\u00e9es par &#8211; CARDISAN, S.L. &#8211; uniquement de la mani\u00e8re d\u00e9crite dans les pages:<\/p>\n<ul>\n<li><a href=\"\/aviso-legal\/\">Avis juridique<\/a><\/li>\n<li><a href=\"\/politica-de-privacidad\/\">Politique de confidentialit\u00e9<\/a><\/li>\n<\/ul>\n<p>Les donn\u00e9es personnelles et la finalit\u00e9 du traitement par la personne concern\u00e9e diff\u00e8rent selon le syst\u00e8me de saisie de l&rsquo;information:<\/p>\n<p>Le contr\u00f4leur des donn\u00e9es traite les donn\u00e9es \u00e0 caract\u00e8re personnel \u00e0 d&rsquo;autres fins:<\/p>\n<ul>\n<li>Assurer le respect des conditions \u00e9nonc\u00e9es dans la page des mentions l\u00e9gales et de la l\u00e9gislation applicable. Cela peut inclure le d\u00e9veloppement d&rsquo;outils et d&rsquo;algorithmes pour aider le site web \u00e0 assurer la confidentialit\u00e9 des donn\u00e9es personnelles qu&rsquo;il collecte.<\/li>\n<li>Soutenir et am\u00e9liorer les services offerts par ce site Web.<\/li>\n<\/ul>\n<h2>S\u00e9curit\u00e9 des donn\u00e9es personnelles<\/h2>\n<p>Pour prot\u00e9ger vos donn\u00e9es \u00e0 caract\u00e8re personnel, le contr\u00f4leur des donn\u00e9es prend toutes les pr\u00e9cautions raisonnables et suit les meilleures pratiques du secteur pour \u00e9viter la perte, l&rsquo;utilisation abusive, l&rsquo;acc\u00e8s inappropri\u00e9, la divulgation, l&rsquo;alt\u00e9ration ou la destruction de vos donn\u00e9es \u00e0 caract\u00e8re personnel.<\/p>\n<p>Vos donn\u00e9es peuvent \u00eatre incluses dans un fichier de listes de diffusion, dont le contr\u00f4leur des donn\u00e9es est responsable de la gestion et du traitement. La s\u00e9curit\u00e9 de vos donn\u00e9es est garantie, car le responsable du traitement prend toutes les mesures de s\u00e9curit\u00e9 n\u00e9cessaires et garantit que les donn\u00e9es personnelles ne seront utilis\u00e9es qu&rsquo;aux fins indiqu\u00e9es.<\/p>\n<p>Le responsable du traitement des donn\u00e9es informe l&rsquo;utilisateur que ses donn\u00e9es personnelles ne seront pas transf\u00e9r\u00e9es \u00e0 des organisations tierces, sauf si ce transfert de donn\u00e9es est couvert par une obligation l\u00e9gale ou si la fourniture d&rsquo;un service implique la n\u00e9cessit\u00e9 d&rsquo;une relation contractuelle avec un responsable du traitement des donn\u00e9es. Dans ce dernier cas, le transfert de donn\u00e9es \u00e0 un tiers n&rsquo;aura lieu que si le responsable du traitement des donn\u00e9es a obtenu le consentement expr\u00e8s de l&rsquo;utilisateur.<\/p>\n<p>Toutefois, dans certains cas, des collaborations peuvent \u00eatre \u00e9tablies avec d&rsquo;autres professionnels ; dans ce cas, le consentement de l&rsquo;utilisateur sera requis, avec indication de l&rsquo;identit\u00e9 du collaborateur et de l&rsquo;objet de la collaboration. Il sera toujours effectu\u00e9 dans le respect des normes de s\u00e9curit\u00e9 les plus strictes.<\/p>\n<h2>Contenu d&rsquo;autres sites web<\/h2>\n<p>Les pages de ce site web peuvent contenir du contenu int\u00e9gr\u00e9 (par exemple des vid\u00e9os, des images, des articles, etc.). Le contenu incorpor\u00e9 provenant d&rsquo;autres sites web se comporte exactement de la m\u00eame mani\u00e8re que si vous aviez visit\u00e9 l&rsquo;autre site web.<\/p>\n<p>Ces sites web peuvent collecter des donn\u00e9es vous concernant, utiliser des cookies, int\u00e9grer des codes de suivi suppl\u00e9mentaires provenant de tiers et contr\u00f4ler votre interaction avec ces codes.<\/p>\n<h2>Politique en mati\u00e8re de cookies<\/h2>\n<p>Pour fonctionner correctement, ce site web a besoin d&rsquo;utiliser des cookies, qui sont des informations stock\u00e9es dans votre navigateur web.<\/p>\n<h2>L\u00e9gitimation du traitement des donn\u00e9es<\/h2>\n<p>La base juridique du traitement de vos donn\u00e9es est la suivante :<\/p>\n<ul>\n<li>Le consentement de la personne concern\u00e9e.<\/li>\n<\/ul>\n<h2>Cat\u00e9gories de donn\u00e9es \u00e0 caract\u00e8re personnel<\/h2>\n<p>Les cat\u00e9gories de donn\u00e9es \u00e0 caract\u00e8re personnel trait\u00e9es par le contr\u00f4leur des donn\u00e9es sont les suivantes:<\/p>\n<ul>\n<li>Donn\u00e9es d&rsquo;identification.<\/li>\n<li>Aucune cat\u00e9gorie de donn\u00e9es sp\u00e9cialement prot\u00e9g\u00e9e n&rsquo;est trait\u00e9e.<\/li>\n<\/ul>\n<h2>Conservation des donn\u00e9es \u00e0 caract\u00e8re personnel<\/h2>\n<p>Les donn\u00e9es \u00e0 caract\u00e8re personnel fournies \u00e0 la personne concern\u00e9e seront conserv\u00e9es jusqu&rsquo;\u00e0 ce que la personne concern\u00e9e demande leur suppression.<\/p>\n<h2>Navigation sur Internet<\/h2>\n<p>Lorsque vous naviguez sur le site web, des donn\u00e9es non identifiantes peuvent \u00eatre collect\u00e9es, notamment l&rsquo;adresse IP, la g\u00e9olocalisation, un enregistrement de la mani\u00e8re dont les services et les sites sont utilis\u00e9s, les habitudes de navigation et d&rsquo;autres donn\u00e9es qui ne peuvent \u00eatre utilis\u00e9es pour vous identifier.<\/p>\n<p>Le site Web utilise les services d&rsquo;analyse de tiers suivants :<\/p>\n<p>Le propri\u00e9taire utilise les informations obtenues pour obtenir des donn\u00e9es statistiques, analyser les tendances, administrer le site, \u00e9tudier les habitudes de navigation et recueillir des informations d\u00e9mographiques.<\/p>\n<p>Le Propri\u00e9taire n&rsquo;est pas responsable du traitement des donn\u00e9es personnelles par les sites web auxquels il est possible d&rsquo;acc\u00e9der par les diff\u00e9rents liens contenus dans le site web.<\/p>\n<h2>Exactitude et v\u00e9racit\u00e9 des donn\u00e9es personnelles<\/h2>\n<p>Vous vous engagez \u00e0 ce que les donn\u00e9es fournies au contr\u00f4leur des donn\u00e9es soient correctes, compl\u00e8tes, pr\u00e9cises et \u00e0 jour, ainsi qu&rsquo;\u00e0 les maintenir d\u00fbment mises \u00e0 jour.<\/p>\n<p>En tant qu&rsquo;utilisateur du site web, vous \u00eates seul responsable de la v\u00e9racit\u00e9 et de l&rsquo;exactitude des donn\u00e9es soumises au site web, exon\u00e9rant le propri\u00e9taire de toute responsabilit\u00e9 \u00e0 cet \u00e9gard.<\/p>\n<h2>Acceptation et consentement<\/h2>\n<p>En tant qu&rsquo;utilisateur du site web, vous d\u00e9clarez avoir \u00e9t\u00e9 inform\u00e9 des conditions relatives \u00e0 la protection des donn\u00e9es personnelles, et vous acceptez et consentez au traitement de ces donn\u00e9es par le propri\u00e9taire de la mani\u00e8re et aux fins indiqu\u00e9es dans la pr\u00e9sente politique de confidentialit\u00e9.<\/p>\n<p>Pour contacter le propri\u00e9taire, s&rsquo;abonner \u00e0 un bulletin d&rsquo;information ou faire des commentaires sur ce site web, vous devez accepter la pr\u00e9sente politique de confidentialit\u00e9.<\/p>\n<h2>Modifications de la politique de confidentialit\u00e9<\/h2>\n<p>Le propri\u00e9taire se r\u00e9serve le droit de modifier cette politique de confidentialit\u00e9 afin de l&rsquo;adapter aux nouvelles l\u00e9gislations ou jurisprudences, ainsi qu&rsquo;aux pratiques de l&rsquo;industrie.<\/p>\n<p>Ces politiques restent en vigueur jusqu&rsquo;\u00e0 ce qu&rsquo;elles soient modifi\u00e9es par d&rsquo;autres politiques d\u00fbment publi\u00e9es.<\/p>\n<p>Le Propri\u00e9taire vous informe de sa politique de confidentialit\u00e9 concernant le traitement et la protection des donn\u00e9es personnelles des utilisateurs qui peuvent \u00eatre collect\u00e9es lors de la navigation sur le site Web : <a href=\"http:\/\/cardisan.com\/\">http:\/\/cardisan.com\/<\/a><\/p>\n<p>\u00c0 cet \u00e9gard, le Titulaire garantit le respect de la l\u00e9gislation en vigueur en mati\u00e8re de protection des donn\u00e9es \u00e0 caract\u00e8re personnel, telle que refl\u00e9t\u00e9e dans la loi organique 3\/2018, du 5 d\u00e9cembre, sur la protection des donn\u00e9es \u00e0 caract\u00e8re personnel et la garantie des droits num\u00e9riques (LOPD GDD). Il est \u00e9galement conforme au r\u00e8glement (UE) 2016\/679 du Parlement europ\u00e9en et du Conseil du 27 avril 2016 relatif \u00e0 la protection des personnes physiques (GDPR).<\/p>\n<p>L&rsquo;utilisation du site web implique l&rsquo;acceptation de la pr\u00e9sente politique de confidentialit\u00e9 ainsi que des conditions incluses dans <a href=\"\/aviso-legal\/\">l&rsquo;avis juridique<\/a>.<\/p>\n<\/div>\n<p>&nbsp;<\/p>\n","protected":false},"excerpt":{"rendered":"<p>Le Propri\u00e9taire vous informe de sa politique de confidentialit\u00e9 concernant le traitement et la protection des donn\u00e9es personnelles des utilisateurs qui peuvent \u00eatre collect\u00e9es lors de la navigation sur le site Web : https:\/\/cardisan.com\/ \u00c0 cet \u00e9gard, le Titulaire garantit le respect de la l\u00e9gislation en vigueur en mati\u00e8re de protection des donn\u00e9es \u00e0 caract\u00e8re [&hellip;]<\/p>\n","protected":false},"author":1,"featured_media":0,"parent":0,"menu_order":0,"comment_status":"closed","ping_status":"closed","template":"","meta":{"footnotes":""},"class_list":["post-2439","page","type-page","status-publish","hentry"],"_links":{"self":[{"href":"https:\/\/cardisan.com\/fr\/wp-json\/wp\/v2\/pages\/2439","targetHints":{"allow":["GET"]}}],"collection":[{"href":"https:\/\/cardisan.com\/fr\/wp-json\/wp\/v2\/pages"}],"about":[{"href":"https:\/\/cardisan.com\/fr\/wp-json\/wp\/v2\/types\/page"}],"author":[{"embeddable":true,"href":"https:\/\/cardisan.com\/fr\/wp-json\/wp\/v2\/users\/1"}],"replies":[{"embeddable":true,"href":"https:\/\/cardisan.com\/fr\/wp-json\/wp\/v2\/comments?post=2439"}],"version-history":[{"count":0,"href":"https:\/\/cardisan.com\/fr\/wp-json\/wp\/v2\/pages\/2439\/revisions"}],"wp:attachment":[{"href":"https:\/\/cardisan.com\/fr\/wp-json\/wp\/v2\/media?parent=2439"}],"curies":[{"name":"wp","href":"https:\/\/api.w.org\/{rel}","templated":true}]}}