{"id":2400,"date":"2024-01-30T12:00:28","date_gmt":"2024-01-30T11:00:28","guid":{"rendered":"https:\/\/cardisan.com\/iberiques\/cardisan\/"},"modified":"2024-03-12T19:10:00","modified_gmt":"2024-03-12T18:10:00","slug":"cardisan","status":"publish","type":"page","link":"https:\/\/cardisan.com\/fr\/iberiques\/cardisan\/","title":{"rendered":"Cardisan"},"content":{"rendered":"\t\t<div data-elementor-type=\"wp-page\" data-elementor-id=\"2400\" class=\"elementor elementor-2400 elementor-1277\" data-elementor-post-type=\"page\">\n\t\t\t\t\t\t<section class=\"elementor-section elementor-top-section elementor-element elementor-element-d0d6217 elementor-section-height-min-height elementor-section-boxed elementor-section-height-default elementor-section-items-middle\" data-id=\"d0d6217\" data-element_type=\"section\" data-settings=\"{&quot;background_background&quot;:&quot;classic&quot;}\">\n\t\t\t\t\t\t<div class=\"elementor-container elementor-column-gap-default\">\n\t\t\t\t\t<div class=\"elementor-column elementor-col-50 elementor-top-column elementor-element elementor-element-d7b63ad\" data-id=\"d7b63ad\" data-element_type=\"column\">\n\t\t\t<div class=\"elementor-widget-wrap elementor-element-populated\">\n\t\t\t\t\t\t<div class=\"elementor-element elementor-element-df96d46 elementor-hidden-mobile elementor-widget elementor-widget-image\" data-id=\"df96d46\" data-element_type=\"widget\" data-widget_type=\"image.default\">\n\t\t\t\t<div class=\"elementor-widget-container\">\n\t\t\t\t\t\t\t\t\t\t\t\t\t\t\t<img fetchpriority=\"high\" decoding=\"async\" width=\"600\" height=\"133\" src=\"https:\/\/cardisan.com\/wp-content\/uploads\/cardisan-sin.png\" class=\"attachment-large size-large wp-image-2412\" alt=\"\" srcset=\"https:\/\/cardisan.com\/wp-content\/uploads\/cardisan-sin.png 600w, https:\/\/cardisan.com\/wp-content\/uploads\/cardisan-sin-300x67.png 300w\" sizes=\"(max-width: 600px) 100vw, 600px\" \/>\t\t\t\t\t\t\t\t\t\t\t\t\t\t\t<\/div>\n\t\t\t\t<\/div>\n\t\t\t\t<div class=\"elementor-element elementor-element-19b6000 elementor-widget elementor-widget-spacer\" data-id=\"19b6000\" data-element_type=\"widget\" data-widget_type=\"spacer.default\">\n\t\t\t\t<div class=\"elementor-widget-container\">\n\t\t\t\t\t\t\t<div class=\"elementor-spacer\">\n\t\t\t<div class=\"elementor-spacer-inner\"><\/div>\n\t\t<\/div>\n\t\t\t\t\t\t<\/div>\n\t\t\t\t<\/div>\n\t\t\t\t<div class=\"elementor-element elementor-element-f36571d elementor-hidden-desktop elementor-hidden-tablet elementor-widget elementor-widget-image\" data-id=\"f36571d\" data-element_type=\"widget\" data-widget_type=\"image.default\">\n\t\t\t\t<div class=\"elementor-widget-container\">\n\t\t\t\t\t\t\t\t\t\t\t\t\t\t\t<img decoding=\"async\" width=\"600\" height=\"224\" src=\"https:\/\/cardisan.com\/wp-content\/uploads\/cardisan-blanco.png\" class=\"attachment-large size-large wp-image-32\" alt=\"\" srcset=\"https:\/\/cardisan.com\/wp-content\/uploads\/cardisan-blanco.png 600w, https:\/\/cardisan.com\/wp-content\/uploads\/cardisan-blanco-300x112.png 300w\" sizes=\"(max-width: 600px) 100vw, 600px\" \/>\t\t\t\t\t\t\t\t\t\t\t\t\t\t\t<\/div>\n\t\t\t\t<\/div>\n\t\t\t\t\t<\/div>\n\t\t<\/div>\n\t\t\t\t<div class=\"elementor-column elementor-col-50 elementor-top-column elementor-element elementor-element-e05f2c6\" data-id=\"e05f2c6\" data-element_type=\"column\">\n\t\t\t<div class=\"elementor-widget-wrap\">\n\t\t\t\t\t\t\t<\/div>\n\t\t<\/div>\n\t\t\t\t\t<\/div>\n\t\t<\/section>\n\t\t\t\t<section class=\"elementor-section elementor-top-section elementor-element elementor-element-1e600c5 elementor-section-height-min-height elementor-section-full_width elementor-section-stretched elementor-section-height-default elementor-section-items-middle\" data-id=\"1e600c5\" data-element_type=\"section\" data-settings=\"{&quot;background_background&quot;:&quot;classic&quot;,&quot;stretch_section&quot;:&quot;section-stretched&quot;}\">\n\t\t\t\t\t\t<div class=\"elementor-container elementor-column-gap-no\">\n\t\t\t\t\t<div class=\"elementor-column elementor-col-100 elementor-top-column elementor-element elementor-element-2e9d819\" data-id=\"2e9d819\" data-element_type=\"column\">\n\t\t\t<div class=\"elementor-widget-wrap elementor-element-populated\">\n\t\t\t\t\t\t<section class=\"elementor-section elementor-inner-section elementor-element elementor-element-1428ad2 elementor-section-boxed elementor-section-height-default elementor-section-height-default\" data-id=\"1428ad2\" data-element_type=\"section\">\n\t\t\t\t\t\t<div class=\"elementor-container elementor-column-gap-default\">\n\t\t\t\t\t<div class=\"elementor-column elementor-col-100 elementor-inner-column elementor-element elementor-element-2b4a6ec\" data-id=\"2b4a6ec\" data-element_type=\"column\">\n\t\t\t<div class=\"elementor-widget-wrap elementor-element-populated\">\n\t\t\t\t\t\t<div class=\"elementor-element elementor-element-3047cf3 elementor-invisible elementor-widget elementor-widget-heading\" data-id=\"3047cf3\" data-element_type=\"widget\" data-settings=\"{&quot;_animation_mobile&quot;:&quot;fadeInUp&quot;,&quot;_animation&quot;:&quot;fadeIn&quot;}\" data-widget_type=\"heading.default\">\n\t\t\t\t<div class=\"elementor-widget-container\">\n\t\t\t\t\t<h1 class=\"elementor-heading-title elementor-size-default\">Jambon ib\u00e9rique nourri au gland et jambon d'\u00e9paule : une exp\u00e9rience unique dans chaque tranche.<\/h1>\t\t\t\t<\/div>\n\t\t\t\t<\/div>\n\t\t\t\t<div class=\"elementor-element elementor-element-25e4fa2 elementor-widget elementor-widget-text-editor\" data-id=\"25e4fa2\" data-element_type=\"widget\" data-settings=\"{&quot;_animation&quot;:&quot;none&quot;}\" data-widget_type=\"text-editor.default\">\n\t\t\t\t<div class=\"elementor-widget-container\">\n\t\t\t\t\t\t\t\t\t<p>Nos jambons et \u00e9paules ib\u00e9riques nourris aux glands sont de v\u00e9ritables joyaux culinaires. Leur saveur exceptionnelle et leur texture marbr\u00e9e sont le r\u00e9sultat d&rsquo;un vieillissement soigneux, d&rsquo;une montanera enrichissante et d&rsquo;un processus de salaison artisanal. Chaque tranche est un voyage sensoriel qui vous transportera dans la dehesa elle-m\u00eame.<\/p>\n\t\t\t\t\t\t\t\t<\/div>\n\t\t\t\t<\/div>\n\t\t\t\t\t<\/div>\n\t\t<\/div>\n\t\t\t\t\t<\/div>\n\t\t<\/section>\n\t\t\t\t<section class=\"elementor-section elementor-inner-section elementor-element elementor-element-88bf4d7 elementor-section-full_width elementor-section-height-default elementor-section-height-default\" data-id=\"88bf4d7\" data-element_type=\"section\">\n\t\t\t\t\t\t<div class=\"elementor-container elementor-column-gap-no\">\n\t\t\t\t\t<div class=\"elementor-column elementor-col-50 elementor-inner-column elementor-element elementor-element-641db30\" data-id=\"641db30\" data-element_type=\"column\">\n\t\t\t<div class=\"elementor-widget-wrap elementor-element-populated\">\n\t\t\t\t\t\t<div class=\"elementor-element elementor-element-9daa663 elementor-widget elementor-widget-image\" data-id=\"9daa663\" data-element_type=\"widget\" data-widget_type=\"image.default\">\n\t\t\t\t<div class=\"elementor-widget-container\">\n\t\t\t\t\t\t\t\t\t\t\t\t\t\t\t\t<a href=\"https:\/\/cardisan.com\/wp-content\/uploads\/CARDISAN-JAMON.jpg\" data-elementor-open-lightbox=\"yes\" data-e-action-hash=\"#elementor-action%3Aaction%3Dlightbox%26settings%3DeyJpZCI6MjQwMiwidXJsIjoiaHR0cHM6XC9cL2NhcmRpc2FuLmNvbVwvd3AtY29udGVudFwvdXBsb2Fkc1wvQ0FSRElTQU4tSkFNT04uanBnIn0%3D\">\n\t\t\t\t\t\t\t<img decoding=\"async\" width=\"800\" height=\"641\" src=\"https:\/\/cardisan.com\/wp-content\/uploads\/CARDISAN-JAMON-1024x820.jpg\" class=\"attachment-large size-large wp-image-2402\" alt=\"\" srcset=\"https:\/\/cardisan.com\/wp-content\/uploads\/CARDISAN-JAMON-1024x820.jpg 1024w, https:\/\/cardisan.com\/wp-content\/uploads\/CARDISAN-JAMON-300x240.jpg 300w, https:\/\/cardisan.com\/wp-content\/uploads\/CARDISAN-JAMON-768x615.jpg 768w, https:\/\/cardisan.com\/wp-content\/uploads\/CARDISAN-JAMON-1536x1229.jpg 1536w, https:\/\/cardisan.com\/wp-content\/uploads\/CARDISAN-JAMON.jpg 1874w\" sizes=\"(max-width: 800px) 100vw, 800px\" \/>\t\t\t\t\t\t\t\t<\/a>\n\t\t\t\t\t\t\t\t\t\t\t\t\t\t\t<\/div>\n\t\t\t\t<\/div>\n\t\t\t\t\t<\/div>\n\t\t<\/div>\n\t\t\t\t<div class=\"elementor-column elementor-col-50 elementor-inner-column elementor-element elementor-element-2a5c32b\" data-id=\"2a5c32b\" data-element_type=\"column\">\n\t\t\t<div class=\"elementor-widget-wrap elementor-element-populated\">\n\t\t\t\t\t\t<div class=\"elementor-element elementor-element-2162cfa elementor-widget elementor-widget-image\" data-id=\"2162cfa\" data-element_type=\"widget\" data-widget_type=\"image.default\">\n\t\t\t\t<div class=\"elementor-widget-container\">\n\t\t\t\t\t\t\t\t\t\t\t\t\t\t\t\t<a href=\"https:\/\/cardisan.com\/wp-content\/uploads\/CARDISAN-PALETA-1.jpg\" data-elementor-open-lightbox=\"yes\" data-e-action-hash=\"#elementor-action%3Aaction%3Dlightbox%26settings%3DeyJpZCI6MjQxNywidXJsIjoiaHR0cHM6XC9cL2NhcmRpc2FuLmNvbVwvd3AtY29udGVudFwvdXBsb2Fkc1wvQ0FSRElTQU4tUEFMRVRBLTEuanBnIn0%3D\">\n\t\t\t\t\t\t\t<img loading=\"lazy\" decoding=\"async\" width=\"800\" height=\"641\" src=\"https:\/\/cardisan.com\/wp-content\/uploads\/CARDISAN-PALETA-1-1024x820.jpg\" class=\"attachment-large size-large wp-image-2417\" alt=\"\" srcset=\"https:\/\/cardisan.com\/wp-content\/uploads\/CARDISAN-PALETA-1-1024x820.jpg 1024w, https:\/\/cardisan.com\/wp-content\/uploads\/CARDISAN-PALETA-1-300x240.jpg 300w, https:\/\/cardisan.com\/wp-content\/uploads\/CARDISAN-PALETA-1-768x615.jpg 768w, https:\/\/cardisan.com\/wp-content\/uploads\/CARDISAN-PALETA-1-1536x1229.jpg 1536w, https:\/\/cardisan.com\/wp-content\/uploads\/CARDISAN-PALETA-1.jpg 1874w\" sizes=\"(max-width: 800px) 100vw, 800px\" \/>\t\t\t\t\t\t\t\t<\/a>\n\t\t\t\t\t\t\t\t\t\t\t\t\t\t\t<\/div>\n\t\t\t\t<\/div>\n\t\t\t\t\t<\/div>\n\t\t<\/div>\n\t\t\t\t\t<\/div>\n\t\t<\/section>\n\t\t\t\t\t<\/div>\n\t\t<\/div>\n\t\t\t\t\t<\/div>\n\t\t<\/section>\n\t\t\t\t<section class=\"elementor-section elementor-top-section elementor-element elementor-element-2141d7f elementor-section-content-middle elementor-section-boxed elementor-section-height-default elementor-section-height-default\" data-id=\"2141d7f\" data-element_type=\"section\" data-settings=\"{&quot;background_background&quot;:&quot;classic&quot;}\">\n\t\t\t\t\t\t<div class=\"elementor-container elementor-column-gap-default\">\n\t\t\t\t\t<div class=\"elementor-column elementor-col-50 elementor-top-column elementor-element elementor-element-deb0295\" data-id=\"deb0295\" data-element_type=\"column\">\n\t\t\t<div class=\"elementor-widget-wrap elementor-element-populated\">\n\t\t\t\t\t\t<div class=\"elementor-element elementor-element-08643e6 elementor-widget elementor-widget-image\" data-id=\"08643e6\" data-element_type=\"widget\" data-widget_type=\"image.default\">\n\t\t\t\t<div class=\"elementor-widget-container\">\n\t\t\t\t\t\t\t\t\t\t\t\t\t\t\t<img loading=\"lazy\" decoding=\"async\" width=\"800\" height=\"600\" src=\"https:\/\/cardisan.com\/wp-content\/uploads\/BODEGON-LOMO.jpg\" class=\"attachment-large size-large wp-image-2404\" alt=\"\" srcset=\"https:\/\/cardisan.com\/wp-content\/uploads\/BODEGON-LOMO.jpg 1000w, https:\/\/cardisan.com\/wp-content\/uploads\/BODEGON-LOMO-300x225.jpg 300w, https:\/\/cardisan.com\/wp-content\/uploads\/BODEGON-LOMO-768x576.jpg 768w\" sizes=\"(max-width: 800px) 100vw, 800px\" \/>\t\t\t\t\t\t\t\t\t\t\t\t\t\t\t<\/div>\n\t\t\t\t<\/div>\n\t\t\t\t\t<\/div>\n\t\t<\/div>\n\t\t\t\t<div class=\"elementor-column elementor-col-50 elementor-top-column elementor-element elementor-element-f80b83e\" data-id=\"f80b83e\" data-element_type=\"column\">\n\t\t\t<div class=\"elementor-widget-wrap elementor-element-populated\">\n\t\t\t\t\t\t<div class=\"elementor-element elementor-element-53746bc elementor-invisible elementor-widget elementor-widget-heading\" data-id=\"53746bc\" data-element_type=\"widget\" data-settings=\"{&quot;_animation_mobile&quot;:&quot;fadeInUp&quot;,&quot;_animation&quot;:&quot;fadeIn&quot;}\" data-widget_type=\"heading.default\">\n\t\t\t\t<div class=\"elementor-widget-container\">\n\t\t\t\t\t<h2 class=\"elementor-heading-title elementor-size-default\">Longe de porc ib\u00e9rique nourri aux glands: une douce explosion de saveurs.<\/h2>\t\t\t\t<\/div>\n\t\t\t\t<\/div>\n\t\t\t\t<div class=\"elementor-element elementor-element-a238437 elementor-invisible elementor-widget elementor-widget-text-editor\" data-id=\"a238437\" data-element_type=\"widget\" data-settings=\"{&quot;_animation&quot;:&quot;fadeInLeft&quot;}\" data-widget_type=\"text-editor.default\">\n\t\t\t\t<div class=\"elementor-widget-container\">\n\t\t\t\t\t\t\t\t\t<p>La longe de porc ib\u00e9rique nourri aux glands est un d\u00e9lice gastronomique qui allie la magie de la \u00ab\u00a0montanera\u00a0\u00bb \u00e0 l&rsquo;exp\u00e9rience de nos ma\u00eetres charcutiers. Sa saveur douce et juteuse en fait un met qui fond dans la bouche .<\/p>\n\t\t\t\t\t\t\t\t<\/div>\n\t\t\t\t<\/div>\n\t\t\t\t\t<\/div>\n\t\t<\/div>\n\t\t\t\t\t<\/div>\n\t\t<\/section>\n\t\t\t\t<section class=\"elementor-section elementor-top-section elementor-element elementor-element-d30c07d elementor-section-height-min-height elementor-section-full_width elementor-section-stretched elementor-section-height-default elementor-section-items-middle\" data-id=\"d30c07d\" data-element_type=\"section\" data-settings=\"{&quot;background_background&quot;:&quot;classic&quot;,&quot;stretch_section&quot;:&quot;section-stretched&quot;}\">\n\t\t\t\t\t\t<div class=\"elementor-container elementor-column-gap-no\">\n\t\t\t\t\t<div class=\"elementor-column elementor-col-100 elementor-top-column elementor-element elementor-element-98e5af7\" data-id=\"98e5af7\" data-element_type=\"column\">\n\t\t\t<div class=\"elementor-widget-wrap elementor-element-populated\">\n\t\t\t\t\t\t<div class=\"elementor-element elementor-element-d872712 elementor-invisible elementor-widget elementor-widget-heading\" data-id=\"d872712\" data-element_type=\"widget\" data-settings=\"{&quot;_animation_mobile&quot;:&quot;fadeInUp&quot;,&quot;_animation&quot;:&quot;fadeIn&quot;}\" data-widget_type=\"heading.default\">\n\t\t\t\t<div class=\"elementor-widget-container\">\n\t\t\t\t\t<h2 class=\"elementor-heading-title elementor-size-default\">Chorizo et Saucisson ib\u00e9rico de bellota: la tradition avec une touche sp\u00e9ciale.\n<\/h2>\t\t\t\t<\/div>\n\t\t\t\t<\/div>\n\t\t\t\t<div class=\"elementor-element elementor-element-61a19a4 elementor-widget elementor-widget-text-editor\" data-id=\"61a19a4\" data-element_type=\"widget\" data-settings=\"{&quot;_animation&quot;:&quot;none&quot;}\" data-widget_type=\"text-editor.default\">\n\t\t\t\t<div class=\"elementor-widget-container\">\n\t\t\t\t\t\t\t\t\t<p>Nos chorizos et saucissons ib\u00e9riques nourris aux glands sont l&rsquo;\u00e9quilibre parfait entre tradition et innovation. Avec le m\u00eame processus de fabrication que d&rsquo;habitude, mais avec une touche sp\u00e9ciale, ils nous transportent vers des saveurs presque oubli\u00e9es dans nos m\u00e9moires. <\/p>\n\t\t\t\t\t\t\t\t<\/div>\n\t\t\t\t<\/div>\n\t\t\t\t<div class=\"elementor-element elementor-element-7d9988a elementor-widget elementor-widget-text-editor\" data-id=\"7d9988a\" data-element_type=\"widget\" data-settings=\"{&quot;_animation&quot;:&quot;none&quot;}\" data-widget_type=\"text-editor.default\">\n\t\t\t\t<div class=\"elementor-widget-container\">\n\t\t\t\t\t\t\t\t\t<p>La t\u00eate et la proie sont utilis\u00e9es dans leur \u00e9laboration et sont consid\u00e9r\u00e9es par les professionnels du secteur de la charcuterie, de la restauration et les consommateurs comme les meilleures charcuteries \u00e0 boyau naturel du march\u00e9, et donc comme des produits de r\u00e9f\u00e9rence dans la haute cuisine. <\/p>\n\t\t\t\t\t\t\t\t<\/div>\n\t\t\t\t<\/div>\n\t\t\t\t<section class=\"elementor-section elementor-inner-section elementor-element elementor-element-68aa8b2 elementor-section-boxed elementor-section-height-default elementor-section-height-default\" data-id=\"68aa8b2\" data-element_type=\"section\">\n\t\t\t\t\t\t<div class=\"elementor-container elementor-column-gap-default\">\n\t\t\t\t\t<div class=\"elementor-column elementor-col-50 elementor-inner-column elementor-element elementor-element-fcb8385\" data-id=\"fcb8385\" data-element_type=\"column\">\n\t\t\t<div class=\"elementor-widget-wrap elementor-element-populated\">\n\t\t\t\t\t\t<div class=\"elementor-element elementor-element-1742f70 elementor-widget elementor-widget-image\" data-id=\"1742f70\" data-element_type=\"widget\" data-widget_type=\"image.default\">\n\t\t\t\t<div class=\"elementor-widget-container\">\n\t\t\t\t\t\t\t\t\t\t\t\t\t\t\t\t<a href=\"https:\/\/cardisan.com\/wp-content\/uploads\/BODEGON-CHORIZO.jpg\" data-elementor-open-lightbox=\"yes\" data-e-action-hash=\"#elementor-action%3Aaction%3Dlightbox%26settings%3DeyJpZCI6MjQwNSwidXJsIjoiaHR0cHM6XC9cL2NhcmRpc2FuLmNvbVwvd3AtY29udGVudFwvdXBsb2Fkc1wvQk9ERUdPTi1DSE9SSVpPLmpwZyJ9\">\n\t\t\t\t\t\t\t<img loading=\"lazy\" decoding=\"async\" width=\"800\" height=\"600\" src=\"https:\/\/cardisan.com\/wp-content\/uploads\/BODEGON-CHORIZO-1024x768.jpg\" class=\"attachment-large size-large wp-image-2405\" alt=\"\" srcset=\"https:\/\/cardisan.com\/wp-content\/uploads\/BODEGON-CHORIZO-1024x768.jpg 1024w, https:\/\/cardisan.com\/wp-content\/uploads\/BODEGON-CHORIZO-300x225.jpg 300w, https:\/\/cardisan.com\/wp-content\/uploads\/BODEGON-CHORIZO-768x576.jpg 768w, https:\/\/cardisan.com\/wp-content\/uploads\/BODEGON-CHORIZO-1536x1152.jpg 1536w, https:\/\/cardisan.com\/wp-content\/uploads\/BODEGON-CHORIZO.jpg 2000w\" sizes=\"(max-width: 800px) 100vw, 800px\" \/>\t\t\t\t\t\t\t\t<\/a>\n\t\t\t\t\t\t\t\t\t\t\t\t\t\t\t<\/div>\n\t\t\t\t<\/div>\n\t\t\t\t\t<\/div>\n\t\t<\/div>\n\t\t\t\t<div class=\"elementor-column elementor-col-50 elementor-inner-column elementor-element elementor-element-f8c5a1f\" data-id=\"f8c5a1f\" data-element_type=\"column\">\n\t\t\t<div class=\"elementor-widget-wrap elementor-element-populated\">\n\t\t\t\t\t\t<div class=\"elementor-element elementor-element-597d938 elementor-widget elementor-widget-image\" data-id=\"597d938\" data-element_type=\"widget\" data-widget_type=\"image.default\">\n\t\t\t\t<div class=\"elementor-widget-container\">\n\t\t\t\t\t\t\t\t\t\t\t\t\t\t\t\t<a href=\"https:\/\/cardisan.com\/wp-content\/uploads\/BODEGON-SALCHICHON.jpg\" data-elementor-open-lightbox=\"yes\" data-e-action-hash=\"#elementor-action%3Aaction%3Dlightbox%26settings%3DeyJpZCI6MjQxNiwidXJsIjoiaHR0cHM6XC9cL2NhcmRpc2FuLmNvbVwvd3AtY29udGVudFwvdXBsb2Fkc1wvQk9ERUdPTi1TQUxDSElDSE9OLmpwZyJ9\">\n\t\t\t\t\t\t\t<img loading=\"lazy\" decoding=\"async\" width=\"800\" height=\"600\" src=\"https:\/\/cardisan.com\/wp-content\/uploads\/BODEGON-SALCHICHON-1024x768.jpg\" class=\"attachment-large size-large wp-image-2416\" alt=\"\" srcset=\"https:\/\/cardisan.com\/wp-content\/uploads\/BODEGON-SALCHICHON-1024x768.jpg 1024w, https:\/\/cardisan.com\/wp-content\/uploads\/BODEGON-SALCHICHON-300x225.jpg 300w, https:\/\/cardisan.com\/wp-content\/uploads\/BODEGON-SALCHICHON-768x576.jpg 768w, https:\/\/cardisan.com\/wp-content\/uploads\/BODEGON-SALCHICHON-1536x1152.jpg 1536w, https:\/\/cardisan.com\/wp-content\/uploads\/BODEGON-SALCHICHON.jpg 2000w\" sizes=\"(max-width: 800px) 100vw, 800px\" \/>\t\t\t\t\t\t\t\t<\/a>\n\t\t\t\t\t\t\t\t\t\t\t\t\t\t\t<\/div>\n\t\t\t\t<\/div>\n\t\t\t\t\t<\/div>\n\t\t<\/div>\n\t\t\t\t\t<\/div>\n\t\t<\/section>\n\t\t\t\t\t<\/div>\n\t\t<\/div>\n\t\t\t\t\t<\/div>\n\t\t<\/section>\n\t\t\t\t<section class=\"elementor-section elementor-top-section elementor-element elementor-element-7de01c5 elementor-section-content-middle elementor-section-boxed elementor-section-height-default elementor-section-height-default\" data-id=\"7de01c5\" data-element_type=\"section\" data-settings=\"{&quot;background_background&quot;:&quot;classic&quot;}\">\n\t\t\t\t\t\t<div class=\"elementor-container elementor-column-gap-default\">\n\t\t\t\t\t<div class=\"elementor-column elementor-col-50 elementor-top-column elementor-element elementor-element-398cb45\" data-id=\"398cb45\" data-element_type=\"column\">\n\t\t\t<div class=\"elementor-widget-wrap elementor-element-populated\">\n\t\t\t\t\t\t<div class=\"elementor-element elementor-element-d6cc9b2 elementor-widget elementor-widget-image\" data-id=\"d6cc9b2\" data-element_type=\"widget\" data-widget_type=\"image.default\">\n\t\t\t\t<div class=\"elementor-widget-container\">\n\t\t\t\t\t\t\t\t\t\t\t\t\t\t\t<img loading=\"lazy\" decoding=\"async\" width=\"800\" height=\"600\" src=\"https:\/\/cardisan.com\/wp-content\/uploads\/BODEGON-SOBRASADA-1-1024x768.jpg\" class=\"attachment-large size-large wp-image-2415\" alt=\"\" srcset=\"https:\/\/cardisan.com\/wp-content\/uploads\/BODEGON-SOBRASADA-1-1024x768.jpg 1024w, https:\/\/cardisan.com\/wp-content\/uploads\/BODEGON-SOBRASADA-1-300x225.jpg 300w, https:\/\/cardisan.com\/wp-content\/uploads\/BODEGON-SOBRASADA-1-768x576.jpg 768w, https:\/\/cardisan.com\/wp-content\/uploads\/BODEGON-SOBRASADA-1-1536x1152.jpg 1536w, https:\/\/cardisan.com\/wp-content\/uploads\/BODEGON-SOBRASADA-1.jpg 2000w\" sizes=\"(max-width: 800px) 100vw, 800px\" \/>\t\t\t\t\t\t\t\t\t\t\t\t\t\t\t<\/div>\n\t\t\t\t<\/div>\n\t\t\t\t\t<\/div>\n\t\t<\/div>\n\t\t\t\t<div class=\"elementor-column elementor-col-50 elementor-top-column elementor-element elementor-element-5a55a96\" data-id=\"5a55a96\" data-element_type=\"column\">\n\t\t\t<div class=\"elementor-widget-wrap elementor-element-populated\">\n\t\t\t\t\t\t<div class=\"elementor-element elementor-element-f60764f elementor-invisible elementor-widget elementor-widget-heading\" data-id=\"f60764f\" data-element_type=\"widget\" data-settings=\"{&quot;_animation_mobile&quot;:&quot;fadeInUp&quot;,&quot;_animation&quot;:&quot;fadeIn&quot;}\" data-widget_type=\"heading.default\">\n\t\t\t\t<div class=\"elementor-widget-container\">\n\t\t\t\t\t<h2 class=\"elementor-heading-title elementor-size-default\">Soubressade iberica de bellota: un go\u00fbt qui nous est propre.<\/h2>\t\t\t\t<\/div>\n\t\t\t\t<\/div>\n\t\t\t\t<div class=\"elementor-element elementor-element-ea86748 elementor-invisible elementor-widget elementor-widget-text-editor\" data-id=\"ea86748\" data-element_type=\"widget\" data-settings=\"{&quot;_animation&quot;:&quot;fadeInLeft&quot;}\" data-widget_type=\"text-editor.default\">\n\t\t\t\t<div class=\"elementor-widget-container\">\n\t\t\t\t\t\t\t\t\t<p>La Soubressade iberica de bellota est un plaisir unique \u00e0 d\u00e9guster sur du bon pain. Sa saveur intense et \u00e9pic\u00e9e est une explosion de sensations.<\/p>\n\t\t\t\t\t\t\t\t<\/div>\n\t\t\t\t<\/div>\n\t\t\t\t\t<\/div>\n\t\t<\/div>\n\t\t\t\t\t<\/div>\n\t\t<\/section>\n\t\t\t\t<section class=\"elementor-section elementor-top-section elementor-element elementor-element-97ebe29 elementor-section-height-min-height elementor-section-boxed elementor-section-height-default elementor-section-items-middle\" data-id=\"97ebe29\" data-element_type=\"section\" data-settings=\"{&quot;background_background&quot;:&quot;classic&quot;}\">\n\t\t\t\t\t\t<div class=\"elementor-container elementor-column-gap-default\">\n\t\t\t\t\t<div class=\"elementor-column elementor-col-50 elementor-top-column elementor-element elementor-element-3b366cf\" data-id=\"3b366cf\" data-element_type=\"column\" data-settings=\"{&quot;background_background&quot;:&quot;classic&quot;}\">\n\t\t\t<div class=\"elementor-widget-wrap elementor-element-populated\">\n\t\t\t\t\t\t<div class=\"elementor-element elementor-element-04bb7e5 elementor-invisible elementor-widget elementor-widget-heading\" data-id=\"04bb7e5\" data-element_type=\"widget\" data-settings=\"{&quot;_animation_mobile&quot;:&quot;fadeInUp&quot;,&quot;_animation&quot;:&quot;fadeIn&quot;}\" data-widget_type=\"heading.default\">\n\t\t\t\t<div class=\"elementor-widget-container\">\n\t\t\t\t\t<h2 class=\"elementor-heading-title elementor-size-default\">Presa iberica de bellota: l'\u00e9l\u00e9gance dans toute sa splendeur.<\/h2>\t\t\t\t<\/div>\n\t\t\t\t<\/div>\n\t\t\t\t<div class=\"elementor-element elementor-element-c6b0767 elementor-widget elementor-widget-text-editor\" data-id=\"c6b0767\" data-element_type=\"widget\" data-settings=\"{&quot;_animation&quot;:&quot;none&quot;}\" data-widget_type=\"text-editor.default\">\n\t\t\t\t<div class=\"elementor-widget-container\">\n\t\t\t\t\t\t\t\t\t<p>Le porc ib\u00e9rique nourri au gland: l&rsquo;\u00e9l\u00e9gance culinaire \u00e0 l&rsquo;\u00e9tat pur. Sa texture tendre et sa saveur profonde en font un choix incomparable pour les palais les plus exigeants.<\/p>\n\t\t\t\t\t\t\t\t<\/div>\n\t\t\t\t<\/div>\n\t\t\t\t\t<\/div>\n\t\t<\/div>\n\t\t\t\t<div class=\"elementor-column elementor-col-50 elementor-top-column elementor-element elementor-element-ad6c60f\" data-id=\"ad6c60f\" data-element_type=\"column\">\n\t\t\t<div class=\"elementor-widget-wrap\">\n\t\t\t\t\t\t\t<\/div>\n\t\t<\/div>\n\t\t\t\t\t<\/div>\n\t\t<\/section>\n\t\t\t\t<\/div>\n\t\t","protected":false},"excerpt":{"rendered":"<p>Jambon ib\u00e9rique nourri au gland et jambon d&rsquo;\u00e9paule : une exp\u00e9rience unique dans chaque tranche. Nos jambons et \u00e9paules ib\u00e9riques nourris aux glands sont de v\u00e9ritables joyaux culinaires. Leur saveur exceptionnelle et leur texture marbr\u00e9e sont le r\u00e9sultat d&rsquo;un vieillissement soigneux, d&rsquo;une montanera enrichissante et d&rsquo;un processus de salaison artisanal. Chaque tranche est un voyage [&hellip;]<\/p>\n","protected":false},"author":1,"featured_media":2414,"parent":2369,"menu_order":0,"comment_status":"closed","ping_status":"closed","template":"","meta":{"footnotes":""},"class_list":["post-2400","page","type-page","status-publish","has-post-thumbnail","hentry"],"_links":{"self":[{"href":"https:\/\/cardisan.com\/fr\/wp-json\/wp\/v2\/pages\/2400","targetHints":{"allow":["GET"]}}],"collection":[{"href":"https:\/\/cardisan.com\/fr\/wp-json\/wp\/v2\/pages"}],"about":[{"href":"https:\/\/cardisan.com\/fr\/wp-json\/wp\/v2\/types\/page"}],"author":[{"embeddable":true,"href":"https:\/\/cardisan.com\/fr\/wp-json\/wp\/v2\/users\/1"}],"replies":[{"embeddable":true,"href":"https:\/\/cardisan.com\/fr\/wp-json\/wp\/v2\/comments?post=2400"}],"version-history":[{"count":0,"href":"https:\/\/cardisan.com\/fr\/wp-json\/wp\/v2\/pages\/2400\/revisions"}],"up":[{"embeddable":true,"href":"https:\/\/cardisan.com\/fr\/wp-json\/wp\/v2\/pages\/2369"}],"wp:featuredmedia":[{"embeddable":true,"href":"https:\/\/cardisan.com\/fr\/wp-json\/wp\/v2\/media\/2414"}],"wp:attachment":[{"href":"https:\/\/cardisan.com\/fr\/wp-json\/wp\/v2\/media?parent=2400"}],"curies":[{"name":"wp","href":"https:\/\/api.w.org\/{rel}","templated":true}]}}