{"id":2994,"date":"2024-01-30T12:00:28","date_gmt":"2024-01-30T11:00:28","guid":{"rendered":"https:\/\/cardisan.com\/ibericos\/cardisan\/"},"modified":"2024-05-28T11:46:57","modified_gmt":"2024-05-28T09:46:57","slug":"cardisan","status":"publish","type":"page","link":"https:\/\/cardisan.com\/de\/ibericos\/cardisan\/","title":{"rendered":"Cardis\u00e1n"},"content":{"rendered":"\t\t<div data-elementor-type=\"wp-page\" data-elementor-id=\"2994\" class=\"elementor elementor-2994 elementor-1277\" data-elementor-post-type=\"page\">\n\t\t\t\t\t\t<section class=\"elementor-section elementor-top-section elementor-element elementor-element-d0d6217 elementor-section-height-min-height elementor-section-boxed elementor-section-height-default elementor-section-items-middle\" data-id=\"d0d6217\" data-element_type=\"section\" data-settings=\"{&quot;background_background&quot;:&quot;classic&quot;}\">\n\t\t\t\t\t\t<div class=\"elementor-container elementor-column-gap-default\">\n\t\t\t\t\t<div class=\"elementor-column elementor-col-50 elementor-top-column elementor-element elementor-element-d7b63ad\" data-id=\"d7b63ad\" data-element_type=\"column\">\n\t\t\t<div class=\"elementor-widget-wrap elementor-element-populated\">\n\t\t\t\t\t\t<div class=\"elementor-element elementor-element-df96d46 elementor-hidden-mobile elementor-widget elementor-widget-image\" data-id=\"df96d46\" data-element_type=\"widget\" data-widget_type=\"image.default\">\n\t\t\t\t<div class=\"elementor-widget-container\">\n\t\t\t\t\t\t\t\t\t\t\t\t\t\t\t<img fetchpriority=\"high\" decoding=\"async\" width=\"600\" height=\"133\" src=\"https:\/\/cardisan.com\/wp-content\/uploads\/cardisan-sin.png\" class=\"attachment-large size-large wp-image-3006\" alt=\"\" srcset=\"https:\/\/cardisan.com\/wp-content\/uploads\/cardisan-sin.png 600w, https:\/\/cardisan.com\/wp-content\/uploads\/cardisan-sin-300x67.png 300w\" sizes=\"(max-width: 600px) 100vw, 600px\" \/>\t\t\t\t\t\t\t\t\t\t\t\t\t\t\t<\/div>\n\t\t\t\t<\/div>\n\t\t\t\t<div class=\"elementor-element elementor-element-19b6000 elementor-widget elementor-widget-spacer\" data-id=\"19b6000\" data-element_type=\"widget\" data-widget_type=\"spacer.default\">\n\t\t\t\t<div class=\"elementor-widget-container\">\n\t\t\t\t\t\t\t<div class=\"elementor-spacer\">\n\t\t\t<div class=\"elementor-spacer-inner\"><\/div>\n\t\t<\/div>\n\t\t\t\t\t\t<\/div>\n\t\t\t\t<\/div>\n\t\t\t\t<div class=\"elementor-element elementor-element-f36571d elementor-hidden-desktop elementor-hidden-tablet elementor-widget elementor-widget-image\" data-id=\"f36571d\" data-element_type=\"widget\" data-widget_type=\"image.default\">\n\t\t\t\t<div class=\"elementor-widget-container\">\n\t\t\t\t\t\t\t\t\t\t\t\t\t\t\t<img decoding=\"async\" width=\"600\" height=\"224\" src=\"https:\/\/cardisan.com\/wp-content\/uploads\/cardisan-blanco.png\" class=\"attachment-large size-large wp-image-32\" alt=\"\" srcset=\"https:\/\/cardisan.com\/wp-content\/uploads\/cardisan-blanco.png 600w, https:\/\/cardisan.com\/wp-content\/uploads\/cardisan-blanco-300x112.png 300w\" sizes=\"(max-width: 600px) 100vw, 600px\" \/>\t\t\t\t\t\t\t\t\t\t\t\t\t\t\t<\/div>\n\t\t\t\t<\/div>\n\t\t\t\t\t<\/div>\n\t\t<\/div>\n\t\t\t\t<div class=\"elementor-column elementor-col-50 elementor-top-column elementor-element elementor-element-e05f2c6\" data-id=\"e05f2c6\" data-element_type=\"column\">\n\t\t\t<div class=\"elementor-widget-wrap\">\n\t\t\t\t\t\t\t<\/div>\n\t\t<\/div>\n\t\t\t\t\t<\/div>\n\t\t<\/section>\n\t\t\t\t<section class=\"elementor-section elementor-top-section elementor-element elementor-element-1e600c5 elementor-section-height-min-height elementor-section-full_width elementor-section-stretched elementor-section-height-default elementor-section-items-middle\" data-id=\"1e600c5\" data-element_type=\"section\" data-settings=\"{&quot;background_background&quot;:&quot;classic&quot;,&quot;stretch_section&quot;:&quot;section-stretched&quot;}\">\n\t\t\t\t\t\t<div class=\"elementor-container elementor-column-gap-no\">\n\t\t\t\t\t<div class=\"elementor-column elementor-col-100 elementor-top-column elementor-element elementor-element-2e9d819\" data-id=\"2e9d819\" data-element_type=\"column\">\n\t\t\t<div class=\"elementor-widget-wrap elementor-element-populated\">\n\t\t\t\t\t\t<section class=\"elementor-section elementor-inner-section elementor-element elementor-element-1428ad2 elementor-section-boxed elementor-section-height-default elementor-section-height-default\" data-id=\"1428ad2\" data-element_type=\"section\">\n\t\t\t\t\t\t<div class=\"elementor-container elementor-column-gap-default\">\n\t\t\t\t\t<div class=\"elementor-column elementor-col-100 elementor-inner-column elementor-element elementor-element-2b4a6ec\" data-id=\"2b4a6ec\" data-element_type=\"column\">\n\t\t\t<div class=\"elementor-widget-wrap elementor-element-populated\">\n\t\t\t\t\t\t<div class=\"elementor-element elementor-element-3047cf3 elementor-invisible elementor-widget elementor-widget-heading\" data-id=\"3047cf3\" data-element_type=\"widget\" data-settings=\"{&quot;_animation_mobile&quot;:&quot;fadeInUp&quot;,&quot;_animation&quot;:&quot;fadeIn&quot;}\" data-widget_type=\"heading.default\">\n\t\t\t\t<div class=\"elementor-widget-container\">\n\t\t\t\t\t<h1 class=\"elementor-heading-title elementor-size-default\">Schinken und Schinkenkeule vom Iberischen Schwein aus Eichelmast: ein unwiederholbares Erlebnis mit jeder Scheibe.<\/h1>\t\t\t\t<\/div>\n\t\t\t\t<\/div>\n\t\t\t\t<div class=\"elementor-element elementor-element-25e4fa2 elementor-widget elementor-widget-text-editor\" data-id=\"25e4fa2\" data-element_type=\"widget\" data-settings=\"{&quot;_animation&quot;:&quot;none&quot;}\" data-widget_type=\"text-editor.default\">\n\t\t\t\t<div class=\"elementor-widget-container\">\n\t\t\t\t\t\t\t\t\t<p>Unsere Schinken und Schinkenschulter vom Iberischen Schwein aus Eichelmast sind wahre kulinarische Juwelen. Ihr au\u00dfergew\u00f6hnlicher Geschmack und ihre marmorierte Textur sind das Ergebnis einer sorgf\u00e4ltigen Reifung, einer bereichernden Montanera und eines handwerklichen Reifungsprozesses. Jedes St\u00fcck ist eine sinnliche Reise, die Sie in die Dehesa selbst entf\u00fchrt.<\/p>\n\t\t\t\t\t\t\t\t<\/div>\n\t\t\t\t<\/div>\n\t\t\t\t\t<\/div>\n\t\t<\/div>\n\t\t\t\t\t<\/div>\n\t\t<\/section>\n\t\t\t\t<section class=\"elementor-section elementor-inner-section elementor-element elementor-element-88bf4d7 elementor-section-full_width elementor-section-height-default elementor-section-height-default\" data-id=\"88bf4d7\" data-element_type=\"section\">\n\t\t\t\t\t\t<div class=\"elementor-container elementor-column-gap-no\">\n\t\t\t\t\t<div class=\"elementor-column elementor-col-50 elementor-inner-column elementor-element elementor-element-641db30\" data-id=\"641db30\" data-element_type=\"column\">\n\t\t\t<div class=\"elementor-widget-wrap elementor-element-populated\">\n\t\t\t\t\t\t<div class=\"elementor-element elementor-element-9daa663 elementor-widget elementor-widget-image\" data-id=\"9daa663\" data-element_type=\"widget\" data-widget_type=\"image.default\">\n\t\t\t\t<div class=\"elementor-widget-container\">\n\t\t\t\t\t\t\t\t\t\t\t\t\t\t\t\t<a href=\"https:\/\/cardisan.com\/wp-content\/uploads\/CARDISAN-JAMON.jpg\" data-elementor-open-lightbox=\"yes\" data-e-action-hash=\"#elementor-action%3Aaction%3Dlightbox%26settings%3DeyJpZCI6Mjk5NiwidXJsIjoiaHR0cHM6XC9cL2NhcmRpc2FuLmNvbVwvd3AtY29udGVudFwvdXBsb2Fkc1wvQ0FSRElTQU4tSkFNT04uanBnIn0%3D\">\n\t\t\t\t\t\t\t<img decoding=\"async\" width=\"800\" height=\"641\" src=\"https:\/\/cardisan.com\/wp-content\/uploads\/CARDISAN-JAMON-1024x820.jpg\" class=\"attachment-large size-large wp-image-2996\" alt=\"\" srcset=\"https:\/\/cardisan.com\/wp-content\/uploads\/CARDISAN-JAMON-1024x820.jpg 1024w, https:\/\/cardisan.com\/wp-content\/uploads\/CARDISAN-JAMON-300x240.jpg 300w, https:\/\/cardisan.com\/wp-content\/uploads\/CARDISAN-JAMON-768x615.jpg 768w, https:\/\/cardisan.com\/wp-content\/uploads\/CARDISAN-JAMON-1536x1229.jpg 1536w, https:\/\/cardisan.com\/wp-content\/uploads\/CARDISAN-JAMON.jpg 1874w\" sizes=\"(max-width: 800px) 100vw, 800px\" \/>\t\t\t\t\t\t\t\t<\/a>\n\t\t\t\t\t\t\t\t\t\t\t\t\t\t\t<\/div>\n\t\t\t\t<\/div>\n\t\t\t\t\t<\/div>\n\t\t<\/div>\n\t\t\t\t<div class=\"elementor-column elementor-col-50 elementor-inner-column elementor-element elementor-element-2a5c32b\" data-id=\"2a5c32b\" data-element_type=\"column\">\n\t\t\t<div class=\"elementor-widget-wrap elementor-element-populated\">\n\t\t\t\t\t\t<div class=\"elementor-element elementor-element-2162cfa elementor-widget elementor-widget-image\" data-id=\"2162cfa\" data-element_type=\"widget\" data-widget_type=\"image.default\">\n\t\t\t\t<div class=\"elementor-widget-container\">\n\t\t\t\t\t\t\t\t\t\t\t\t\t\t\t\t<a href=\"https:\/\/cardisan.com\/wp-content\/uploads\/CARDISAN-PALETA-1.jpg\" data-elementor-open-lightbox=\"yes\" data-e-action-hash=\"#elementor-action%3Aaction%3Dlightbox%26settings%3DeyJpZCI6MzAxMSwidXJsIjoiaHR0cHM6XC9cL2NhcmRpc2FuLmNvbVwvd3AtY29udGVudFwvdXBsb2Fkc1wvQ0FSRElTQU4tUEFMRVRBLTEuanBnIn0%3D\">\n\t\t\t\t\t\t\t<img loading=\"lazy\" decoding=\"async\" width=\"800\" height=\"641\" src=\"https:\/\/cardisan.com\/wp-content\/uploads\/CARDISAN-PALETA-1-1024x820.jpg\" class=\"attachment-large size-large wp-image-3011\" alt=\"\" srcset=\"https:\/\/cardisan.com\/wp-content\/uploads\/CARDISAN-PALETA-1-1024x820.jpg 1024w, https:\/\/cardisan.com\/wp-content\/uploads\/CARDISAN-PALETA-1-300x240.jpg 300w, https:\/\/cardisan.com\/wp-content\/uploads\/CARDISAN-PALETA-1-768x615.jpg 768w, https:\/\/cardisan.com\/wp-content\/uploads\/CARDISAN-PALETA-1-1536x1229.jpg 1536w, https:\/\/cardisan.com\/wp-content\/uploads\/CARDISAN-PALETA-1.jpg 1874w\" sizes=\"(max-width: 800px) 100vw, 800px\" \/>\t\t\t\t\t\t\t\t<\/a>\n\t\t\t\t\t\t\t\t\t\t\t\t\t\t\t<\/div>\n\t\t\t\t<\/div>\n\t\t\t\t\t<\/div>\n\t\t<\/div>\n\t\t\t\t\t<\/div>\n\t\t<\/section>\n\t\t\t\t\t<\/div>\n\t\t<\/div>\n\t\t\t\t\t<\/div>\n\t\t<\/section>\n\t\t\t\t<section class=\"elementor-section elementor-top-section elementor-element elementor-element-2141d7f elementor-section-content-middle elementor-section-boxed elementor-section-height-default elementor-section-height-default\" data-id=\"2141d7f\" data-element_type=\"section\" data-settings=\"{&quot;background_background&quot;:&quot;classic&quot;}\">\n\t\t\t\t\t\t<div class=\"elementor-container elementor-column-gap-default\">\n\t\t\t\t\t<div class=\"elementor-column elementor-col-50 elementor-top-column elementor-element elementor-element-deb0295\" data-id=\"deb0295\" data-element_type=\"column\">\n\t\t\t<div class=\"elementor-widget-wrap elementor-element-populated\">\n\t\t\t\t\t\t<div class=\"elementor-element elementor-element-08643e6 elementor-widget elementor-widget-image\" data-id=\"08643e6\" data-element_type=\"widget\" data-widget_type=\"image.default\">\n\t\t\t\t<div class=\"elementor-widget-container\">\n\t\t\t\t\t\t\t\t\t\t\t\t\t\t\t<img loading=\"lazy\" decoding=\"async\" width=\"800\" height=\"600\" src=\"https:\/\/cardisan.com\/wp-content\/uploads\/BODEGON-LOMO.jpg\" class=\"attachment-large size-large wp-image-2998\" alt=\"\" srcset=\"https:\/\/cardisan.com\/wp-content\/uploads\/BODEGON-LOMO.jpg 1000w, https:\/\/cardisan.com\/wp-content\/uploads\/BODEGON-LOMO-300x225.jpg 300w, https:\/\/cardisan.com\/wp-content\/uploads\/BODEGON-LOMO-768x576.jpg 768w\" sizes=\"(max-width: 800px) 100vw, 800px\" \/>\t\t\t\t\t\t\t\t\t\t\t\t\t\t\t<\/div>\n\t\t\t\t<\/div>\n\t\t\t\t\t<\/div>\n\t\t<\/div>\n\t\t\t\t<div class=\"elementor-column elementor-col-50 elementor-top-column elementor-element elementor-element-f80b83e\" data-id=\"f80b83e\" data-element_type=\"column\">\n\t\t\t<div class=\"elementor-widget-wrap elementor-element-populated\">\n\t\t\t\t\t\t<div class=\"elementor-element elementor-element-53746bc elementor-invisible elementor-widget elementor-widget-heading\" data-id=\"53746bc\" data-element_type=\"widget\" data-settings=\"{&quot;_animation_mobile&quot;:&quot;fadeInUp&quot;,&quot;_animation&quot;:&quot;fadeIn&quot;}\" data-widget_type=\"heading.default\">\n\t\t\t\t<div class=\"elementor-widget-container\">\n\t\t\t\t\t<h2 class=\"elementor-heading-title elementor-size-default\">Lende vom Iberischen Schwein aus Eichelmast: eine milde Geschmacksexplosion.<\/h2>\t\t\t\t<\/div>\n\t\t\t\t<\/div>\n\t\t\t\t<div class=\"elementor-element elementor-element-a238437 elementor-invisible elementor-widget elementor-widget-text-editor\" data-id=\"a238437\" data-element_type=\"widget\" data-settings=\"{&quot;_animation&quot;:&quot;fadeInLeft&quot;}\" data-widget_type=\"text-editor.default\">\n\t\t\t\t<div class=\"elementor-widget-container\">\n\t\t\t\t\t\t\t\t\t<p>Die Lende vom Iberischen Schwein aus Eichelmast ist eine Gourmet-Delikatesse, die den Zauber der Montanera mit der Erfahrung unserer Metzgermeister verbindet. Ihr zarter und saftiger Geschmack macht sie zu einer Delikatesse, die auf der Zunge zergeht.<\/p>\n\t\t\t\t\t\t\t\t<\/div>\n\t\t\t\t<\/div>\n\t\t\t\t\t<\/div>\n\t\t<\/div>\n\t\t\t\t\t<\/div>\n\t\t<\/section>\n\t\t\t\t<section class=\"elementor-section elementor-top-section elementor-element elementor-element-d30c07d elementor-section-height-min-height elementor-section-full_width elementor-section-stretched elementor-section-height-default elementor-section-items-middle\" data-id=\"d30c07d\" data-element_type=\"section\" data-settings=\"{&quot;background_background&quot;:&quot;classic&quot;,&quot;stretch_section&quot;:&quot;section-stretched&quot;}\">\n\t\t\t\t\t\t<div class=\"elementor-container elementor-column-gap-no\">\n\t\t\t\t\t<div class=\"elementor-column elementor-col-100 elementor-top-column elementor-element elementor-element-98e5af7\" data-id=\"98e5af7\" data-element_type=\"column\">\n\t\t\t<div class=\"elementor-widget-wrap elementor-element-populated\">\n\t\t\t\t\t\t<div class=\"elementor-element elementor-element-d872712 elementor-invisible elementor-widget elementor-widget-heading\" data-id=\"d872712\" data-element_type=\"widget\" data-settings=\"{&quot;_animation_mobile&quot;:&quot;fadeInUp&quot;,&quot;_animation&quot;:&quot;fadeIn&quot;}\" data-widget_type=\"heading.default\">\n\t\t\t\t<div class=\"elementor-widget-container\">\n\t\t\t\t\t<h2 class=\"elementor-heading-title elementor-size-default\">Unsere Chorizos und Salchichones vom Iberischen Schwein aus Eichelmast: Tradition mit einer besonderen Note.\n<\/h2>\t\t\t\t<\/div>\n\t\t\t\t<\/div>\n\t\t\t\t<div class=\"elementor-element elementor-element-61a19a4 elementor-widget elementor-widget-text-editor\" data-id=\"61a19a4\" data-element_type=\"widget\" data-settings=\"{&quot;_animation&quot;:&quot;none&quot;}\" data-widget_type=\"text-editor.default\">\n\t\t\t\t<div class=\"elementor-widget-container\">\n\t\t\t\t\t\t\t\t\t<p>Unsere Chorizos und Salchichones vom Iberischen Schwein aus Eichelmast sind das perfekte Gleichgewicht zwischen Tradition und Innovation. Mit dem gleichen Herstellungsverfahren wie immer, aber mit einer besonderen Note, entf\u00fchren sie uns in fast vergessene Geschmackserlebnisse. <\/p>\n\t\t\t\t\t\t\t\t<\/div>\n\t\t\t\t<\/div>\n\t\t\t\t<div class=\"elementor-element elementor-element-7d9988a elementor-widget elementor-widget-text-editor\" data-id=\"7d9988a\" data-element_type=\"widget\" data-settings=\"{&quot;_animation&quot;:&quot;none&quot;}\" data-widget_type=\"text-editor.default\">\n\t\t\t\t<div class=\"elementor-widget-container\">\n\t\t\t\t\t\t\t\t\t<p>F\u00fcr die Herstellung werden die besten Teile des Schweinefleischs verwendet, die von den Fachleuten der Charcuterie-Branche, der Gastronomie und den Verbrauchern als die besten Naturdarmw\u00fcrste auf dem Markt angesehen werden und somit Referenzprodukte der Haute Cuisine sind. <\/p>\n\t\t\t\t\t\t\t\t<\/div>\n\t\t\t\t<\/div>\n\t\t\t\t<section class=\"elementor-section elementor-inner-section elementor-element elementor-element-68aa8b2 elementor-section-boxed elementor-section-height-default elementor-section-height-default\" data-id=\"68aa8b2\" data-element_type=\"section\">\n\t\t\t\t\t\t<div class=\"elementor-container elementor-column-gap-default\">\n\t\t\t\t\t<div class=\"elementor-column elementor-col-50 elementor-inner-column elementor-element elementor-element-fcb8385\" data-id=\"fcb8385\" data-element_type=\"column\">\n\t\t\t<div class=\"elementor-widget-wrap elementor-element-populated\">\n\t\t\t\t\t\t<div class=\"elementor-element elementor-element-1742f70 elementor-widget elementor-widget-image\" data-id=\"1742f70\" data-element_type=\"widget\" data-widget_type=\"image.default\">\n\t\t\t\t<div class=\"elementor-widget-container\">\n\t\t\t\t\t\t\t\t\t\t\t\t\t\t\t\t<a href=\"https:\/\/cardisan.com\/wp-content\/uploads\/BODEGON-CHORIZO.jpg\" data-elementor-open-lightbox=\"yes\" data-e-action-hash=\"#elementor-action%3Aaction%3Dlightbox%26settings%3DeyJpZCI6Mjk5OSwidXJsIjoiaHR0cHM6XC9cL2NhcmRpc2FuLmNvbVwvd3AtY29udGVudFwvdXBsb2Fkc1wvQk9ERUdPTi1DSE9SSVpPLmpwZyJ9\">\n\t\t\t\t\t\t\t<img loading=\"lazy\" decoding=\"async\" width=\"800\" height=\"600\" src=\"https:\/\/cardisan.com\/wp-content\/uploads\/BODEGON-CHORIZO-1024x768.jpg\" class=\"attachment-large size-large wp-image-2999\" alt=\"\" srcset=\"https:\/\/cardisan.com\/wp-content\/uploads\/BODEGON-CHORIZO-1024x768.jpg 1024w, https:\/\/cardisan.com\/wp-content\/uploads\/BODEGON-CHORIZO-300x225.jpg 300w, https:\/\/cardisan.com\/wp-content\/uploads\/BODEGON-CHORIZO-768x576.jpg 768w, https:\/\/cardisan.com\/wp-content\/uploads\/BODEGON-CHORIZO-1536x1152.jpg 1536w, https:\/\/cardisan.com\/wp-content\/uploads\/BODEGON-CHORIZO.jpg 2000w\" sizes=\"(max-width: 800px) 100vw, 800px\" \/>\t\t\t\t\t\t\t\t<\/a>\n\t\t\t\t\t\t\t\t\t\t\t\t\t\t\t<\/div>\n\t\t\t\t<\/div>\n\t\t\t\t\t<\/div>\n\t\t<\/div>\n\t\t\t\t<div class=\"elementor-column elementor-col-50 elementor-inner-column elementor-element elementor-element-f8c5a1f\" data-id=\"f8c5a1f\" data-element_type=\"column\">\n\t\t\t<div class=\"elementor-widget-wrap elementor-element-populated\">\n\t\t\t\t\t\t<div class=\"elementor-element elementor-element-597d938 elementor-widget elementor-widget-image\" data-id=\"597d938\" data-element_type=\"widget\" data-widget_type=\"image.default\">\n\t\t\t\t<div class=\"elementor-widget-container\">\n\t\t\t\t\t\t\t\t\t\t\t\t\t\t\t\t<a href=\"https:\/\/cardisan.com\/wp-content\/uploads\/BODEGON-SALCHICHON.jpg\" data-elementor-open-lightbox=\"yes\" data-e-action-hash=\"#elementor-action%3Aaction%3Dlightbox%26settings%3DeyJpZCI6MzAxMCwidXJsIjoiaHR0cHM6XC9cL2NhcmRpc2FuLmNvbVwvd3AtY29udGVudFwvdXBsb2Fkc1wvQk9ERUdPTi1TQUxDSElDSE9OLmpwZyJ9\">\n\t\t\t\t\t\t\t<img loading=\"lazy\" decoding=\"async\" width=\"800\" height=\"600\" src=\"https:\/\/cardisan.com\/wp-content\/uploads\/BODEGON-SALCHICHON-1024x768.jpg\" class=\"attachment-large size-large wp-image-3010\" alt=\"\" srcset=\"https:\/\/cardisan.com\/wp-content\/uploads\/BODEGON-SALCHICHON-1024x768.jpg 1024w, https:\/\/cardisan.com\/wp-content\/uploads\/BODEGON-SALCHICHON-300x225.jpg 300w, https:\/\/cardisan.com\/wp-content\/uploads\/BODEGON-SALCHICHON-768x576.jpg 768w, https:\/\/cardisan.com\/wp-content\/uploads\/BODEGON-SALCHICHON-1536x1152.jpg 1536w, https:\/\/cardisan.com\/wp-content\/uploads\/BODEGON-SALCHICHON.jpg 2000w\" sizes=\"(max-width: 800px) 100vw, 800px\" \/>\t\t\t\t\t\t\t\t<\/a>\n\t\t\t\t\t\t\t\t\t\t\t\t\t\t\t<\/div>\n\t\t\t\t<\/div>\n\t\t\t\t\t<\/div>\n\t\t<\/div>\n\t\t\t\t\t<\/div>\n\t\t<\/section>\n\t\t\t\t\t<\/div>\n\t\t<\/div>\n\t\t\t\t\t<\/div>\n\t\t<\/section>\n\t\t\t\t<section class=\"elementor-section elementor-top-section elementor-element elementor-element-7de01c5 elementor-section-content-middle elementor-section-boxed elementor-section-height-default elementor-section-height-default\" data-id=\"7de01c5\" data-element_type=\"section\" data-settings=\"{&quot;background_background&quot;:&quot;classic&quot;}\">\n\t\t\t\t\t\t<div class=\"elementor-container elementor-column-gap-default\">\n\t\t\t\t\t<div class=\"elementor-column elementor-col-50 elementor-top-column elementor-element elementor-element-398cb45\" data-id=\"398cb45\" data-element_type=\"column\">\n\t\t\t<div class=\"elementor-widget-wrap elementor-element-populated\">\n\t\t\t\t\t\t<div class=\"elementor-element elementor-element-d6cc9b2 elementor-widget elementor-widget-image\" data-id=\"d6cc9b2\" data-element_type=\"widget\" data-widget_type=\"image.default\">\n\t\t\t\t<div class=\"elementor-widget-container\">\n\t\t\t\t\t\t\t\t\t\t\t\t\t\t\t<img loading=\"lazy\" decoding=\"async\" width=\"800\" height=\"600\" src=\"https:\/\/cardisan.com\/wp-content\/uploads\/BODEGON-SOBRASADA-1-1024x768.jpg\" class=\"attachment-large size-large wp-image-3009\" alt=\"\" srcset=\"https:\/\/cardisan.com\/wp-content\/uploads\/BODEGON-SOBRASADA-1-1024x768.jpg 1024w, https:\/\/cardisan.com\/wp-content\/uploads\/BODEGON-SOBRASADA-1-300x225.jpg 300w, https:\/\/cardisan.com\/wp-content\/uploads\/BODEGON-SOBRASADA-1-768x576.jpg 768w, https:\/\/cardisan.com\/wp-content\/uploads\/BODEGON-SOBRASADA-1-1536x1152.jpg 1536w, https:\/\/cardisan.com\/wp-content\/uploads\/BODEGON-SOBRASADA-1.jpg 2000w\" sizes=\"(max-width: 800px) 100vw, 800px\" \/>\t\t\t\t\t\t\t\t\t\t\t\t\t\t\t<\/div>\n\t\t\t\t<\/div>\n\t\t\t\t\t<\/div>\n\t\t<\/div>\n\t\t\t\t<div class=\"elementor-column elementor-col-50 elementor-top-column elementor-element elementor-element-5a55a96\" data-id=\"5a55a96\" data-element_type=\"column\">\n\t\t\t<div class=\"elementor-widget-wrap elementor-element-populated\">\n\t\t\t\t\t\t<div class=\"elementor-element elementor-element-f60764f elementor-invisible elementor-widget elementor-widget-heading\" data-id=\"f60764f\" data-element_type=\"widget\" data-settings=\"{&quot;_animation_mobile&quot;:&quot;fadeInUp&quot;,&quot;_animation&quot;:&quot;fadeIn&quot;}\" data-widget_type=\"heading.default\">\n\t\t\t\t<div class=\"elementor-widget-container\">\n\t\t\t\t\t<h2 class=\"elementor-heading-title elementor-size-default\">Sobrassada (Rohwurst) vom Iberischen Schwein aus Eichelmast: ein Geschmack, der uns sehr eigen ist.<\/h2>\t\t\t\t<\/div>\n\t\t\t\t<\/div>\n\t\t\t\t<div class=\"elementor-element elementor-element-ea86748 elementor-invisible elementor-widget elementor-widget-text-editor\" data-id=\"ea86748\" data-element_type=\"widget\" data-settings=\"{&quot;_animation&quot;:&quot;fadeInLeft&quot;}\" data-widget_type=\"text-editor.default\">\n\t\t\t\t<div class=\"elementor-widget-container\">\n\t\t\t\t\t\t\t\t\t<p>Die Sobrassada vom Iberischen Schwein ist ein einzigartiger Genuss, den man auf gutem Brot genie\u00dfen kann. Der intensive Geschmack mit Gew\u00fcrzen ist eine Explosion der Empfindungen.<\/p>\n\t\t\t\t\t\t\t\t<\/div>\n\t\t\t\t<\/div>\n\t\t\t\t\t<\/div>\n\t\t<\/div>\n\t\t\t\t\t<\/div>\n\t\t<\/section>\n\t\t\t\t<section class=\"elementor-section elementor-top-section elementor-element elementor-element-97ebe29 elementor-section-height-min-height elementor-section-boxed elementor-section-height-default elementor-section-items-middle\" data-id=\"97ebe29\" data-element_type=\"section\" data-settings=\"{&quot;background_background&quot;:&quot;classic&quot;}\">\n\t\t\t\t\t\t<div class=\"elementor-container elementor-column-gap-default\">\n\t\t\t\t\t<div class=\"elementor-column elementor-col-50 elementor-top-column elementor-element elementor-element-3b366cf\" data-id=\"3b366cf\" data-element_type=\"column\" data-settings=\"{&quot;background_background&quot;:&quot;classic&quot;}\">\n\t\t\t<div class=\"elementor-widget-wrap elementor-element-populated\">\n\t\t\t\t\t\t<div class=\"elementor-element elementor-element-04bb7e5 elementor-invisible elementor-widget elementor-widget-heading\" data-id=\"04bb7e5\" data-element_type=\"widget\" data-settings=\"{&quot;_animation_mobile&quot;:&quot;fadeInUp&quot;,&quot;_animation&quot;:&quot;fadeIn&quot;}\" data-widget_type=\"heading.default\">\n\t\t\t\t<div class=\"elementor-widget-container\">\n\t\t\t\t\t<h2 class=\"elementor-heading-title elementor-size-default\">Presa vom Iberischen Schwein aus Eichelmast: Eleganz vom Feinsten.<\/h2>\t\t\t\t<\/div>\n\t\t\t\t<\/div>\n\t\t\t\t<div class=\"elementor-element elementor-element-c6b0767 elementor-widget elementor-widget-text-editor\" data-id=\"c6b0767\" data-element_type=\"widget\" data-settings=\"{&quot;_animation&quot;:&quot;none&quot;}\" data-widget_type=\"text-editor.default\">\n\t\t\t\t<div class=\"elementor-widget-container\">\n\t\t\t\t\t\t\t\t\t<p>Die Presa vom Iberischen Schwein aus Eichelmast: kulinarische Eleganz pur. Ihre zarte Textur und ihr intensiver Geschmack machen sie zu einer unvergleichlichen Wahl f\u00fcr die anspruchsvollsten Gaumen.<\/p>\n\t\t\t\t\t\t\t\t<\/div>\n\t\t\t\t<\/div>\n\t\t\t\t\t<\/div>\n\t\t<\/div>\n\t\t\t\t<div class=\"elementor-column elementor-col-50 elementor-top-column elementor-element elementor-element-ad6c60f\" data-id=\"ad6c60f\" data-element_type=\"column\">\n\t\t\t<div class=\"elementor-widget-wrap\">\n\t\t\t\t\t\t\t<\/div>\n\t\t<\/div>\n\t\t\t\t\t<\/div>\n\t\t<\/section>\n\t\t\t\t<\/div>\n\t\t","protected":false},"excerpt":{"rendered":"<p>Schinken und Schinkenkeule vom Iberischen Schwein aus Eichelmast: ein unwiederholbares Erlebnis mit jeder Scheibe. Unsere Schinken und Schinkenschulter vom Iberischen Schwein aus Eichelmast sind wahre kulinarische Juwelen. Ihr au\u00dfergew\u00f6hnlicher Geschmack und ihre marmorierte Textur sind das Ergebnis einer sorgf\u00e4ltigen Reifung, einer bereichernden Montanera und eines handwerklichen Reifungsprozesses. Jedes St\u00fcck ist eine sinnliche Reise, die Sie [&hellip;]<\/p>\n","protected":false},"author":1,"featured_media":3008,"parent":2963,"menu_order":0,"comment_status":"closed","ping_status":"closed","template":"","meta":{"footnotes":""},"class_list":["post-2994","page","type-page","status-publish","has-post-thumbnail","hentry"],"_links":{"self":[{"href":"https:\/\/cardisan.com\/de\/wp-json\/wp\/v2\/pages\/2994","targetHints":{"allow":["GET"]}}],"collection":[{"href":"https:\/\/cardisan.com\/de\/wp-json\/wp\/v2\/pages"}],"about":[{"href":"https:\/\/cardisan.com\/de\/wp-json\/wp\/v2\/types\/page"}],"author":[{"embeddable":true,"href":"https:\/\/cardisan.com\/de\/wp-json\/wp\/v2\/users\/1"}],"replies":[{"embeddable":true,"href":"https:\/\/cardisan.com\/de\/wp-json\/wp\/v2\/comments?post=2994"}],"version-history":[{"count":0,"href":"https:\/\/cardisan.com\/de\/wp-json\/wp\/v2\/pages\/2994\/revisions"}],"up":[{"embeddable":true,"href":"https:\/\/cardisan.com\/de\/wp-json\/wp\/v2\/pages\/2963"}],"wp:featuredmedia":[{"embeddable":true,"href":"https:\/\/cardisan.com\/de\/wp-json\/wp\/v2\/media\/3008"}],"wp:attachment":[{"href":"https:\/\/cardisan.com\/de\/wp-json\/wp\/v2\/media?parent=2994"}],"curies":[{"name":"wp","href":"https:\/\/api.w.org\/{rel}","templated":true}]}}