{"id":2973,"date":"2023-11-02T19:46:08","date_gmt":"2023-11-02T18:46:08","guid":{"rendered":"https:\/\/cardisan.com\/ibericos\/capaquebrada\/"},"modified":"2024-05-28T11:42:57","modified_gmt":"2024-05-28T09:42:57","slug":"capaquebrada","status":"publish","type":"page","link":"https:\/\/cardisan.com\/de\/ibericos\/capaquebrada\/","title":{"rendered":"Capaquebrada"},"content":{"rendered":"\t\t<div data-elementor-type=\"wp-page\" data-elementor-id=\"2973\" class=\"elementor elementor-2973 elementor-514\" data-elementor-post-type=\"page\">\n\t\t\t\t\t\t<section class=\"elementor-section elementor-top-section elementor-element elementor-element-d0d6217 elementor-section-height-min-height elementor-reverse-mobile elementor-section-boxed elementor-section-height-default elementor-section-items-middle\" data-id=\"d0d6217\" data-element_type=\"section\" data-settings=\"{&quot;background_background&quot;:&quot;classic&quot;}\">\n\t\t\t\t\t\t<div class=\"elementor-container elementor-column-gap-default\">\n\t\t\t\t\t<div class=\"elementor-column elementor-col-100 elementor-top-column elementor-element elementor-element-d7b63ad\" data-id=\"d7b63ad\" data-element_type=\"column\">\n\t\t\t<div class=\"elementor-widget-wrap\">\n\t\t\t\t\t\t\t<\/div>\n\t\t<\/div>\n\t\t\t\t\t<\/div>\n\t\t<\/section>\n\t\t\t\t<section class=\"elementor-section elementor-top-section elementor-element elementor-element-c46475f elementor-section-content-middle elementor-section-boxed elementor-section-height-default elementor-section-height-default\" data-id=\"c46475f\" data-element_type=\"section\" data-settings=\"{&quot;background_background&quot;:&quot;classic&quot;}\">\n\t\t\t\t\t\t<div class=\"elementor-container elementor-column-gap-no\">\n\t\t\t\t\t<div class=\"elementor-column elementor-col-50 elementor-top-column elementor-element elementor-element-48e0c8e\" data-id=\"48e0c8e\" data-element_type=\"column\">\n\t\t\t<div class=\"elementor-widget-wrap elementor-element-populated\">\n\t\t\t\t\t\t<div class=\"elementor-element elementor-element-255998f elementor-invisible elementor-widget elementor-widget-image\" data-id=\"255998f\" data-element_type=\"widget\" data-settings=\"{&quot;_animation&quot;:&quot;fadeInUp&quot;}\" data-widget_type=\"image.default\">\n\t\t\t\t<div class=\"elementor-widget-container\">\n\t\t\t\t\t\t\t\t\t\t\t\t\t\t\t<img fetchpriority=\"high\" decoding=\"async\" width=\"600\" height=\"466\" src=\"https:\/\/cardisan.com\/wp-content\/uploads\/capaquebrada2.png\" class=\"attachment-large size-large wp-image-2980\" alt=\"\" srcset=\"https:\/\/cardisan.com\/wp-content\/uploads\/capaquebrada2.png 600w, https:\/\/cardisan.com\/wp-content\/uploads\/capaquebrada2-300x233.png 300w\" sizes=\"(max-width: 600px) 100vw, 600px\" \/>\t\t\t\t\t\t\t\t\t\t\t\t\t\t\t<\/div>\n\t\t\t\t<\/div>\n\t\t\t\t<div class=\"elementor-element elementor-element-737dfff elementor-invisible elementor-widget elementor-widget-heading\" data-id=\"737dfff\" data-element_type=\"widget\" data-settings=\"{&quot;_animation_mobile&quot;:&quot;fadeInUp&quot;,&quot;_animation&quot;:&quot;fadeIn&quot;}\" data-widget_type=\"heading.default\">\n\t\t\t\t<div class=\"elementor-widget-container\">\n\t\t\t\t\t<h2 class=\"elementor-heading-title elementor-size-default\">Willkommen zur Exzellenz.<\/h2>\t\t\t\t<\/div>\n\t\t\t\t<\/div>\n\t\t\t\t<div class=\"elementor-element elementor-element-096a0fb elementor-invisible elementor-widget elementor-widget-heading\" data-id=\"096a0fb\" data-element_type=\"widget\" data-settings=\"{&quot;_animation_mobile&quot;:&quot;fadeInUp&quot;,&quot;_animation&quot;:&quot;fadeIn&quot;}\" data-widget_type=\"heading.default\">\n\t\t\t\t<div class=\"elementor-widget-container\">\n\t\t\t\t\t<h1 class=\"elementor-heading-title elementor-size-default\"><span style=\"color:#A08565\">Willkommen zu <\/span><span style=\"color:#F39200\">C<\/span>a<span style=\"color:#F39200\">p<\/span>a<span style=\"color:#F39200\">q<\/span>ue<span style=\"color:#F39200\">b<\/span>ra<span style=\"color:#F39200\">d<\/span>a<\/h1>\t\t\t\t<\/div>\n\t\t\t\t<\/div>\n\t\t\t\t<div class=\"elementor-element elementor-element-4ba27c5 elementor-invisible elementor-widget elementor-widget-text-editor\" data-id=\"4ba27c5\" data-element_type=\"widget\" data-settings=\"{&quot;_animation&quot;:&quot;fadeInLeft&quot;}\" data-widget_type=\"text-editor.default\">\n\t\t\t\t<div class=\"elementor-widget-container\">\n\t\t\t\t\t\t\t\t\t<p class=\"p1\">Capaquebrada ist die Kr\u00f6nung unserer Leidenschaft f\u00fcr Tradition und Qualit\u00e4t. Jede Scheibe Schinken ist eine Hommage an die Natur, an die reine iberische Rasse und an die Hingabe und Arbeit vieler Jahre.<\/p>\n\t\t\t\t\t\t\t\t<\/div>\n\t\t\t\t<\/div>\n\t\t\t\t\t<\/div>\n\t\t<\/div>\n\t\t\t\t<div class=\"elementor-column elementor-col-50 elementor-top-column elementor-element elementor-element-e376f52 elementor-invisible\" data-id=\"e376f52\" data-element_type=\"column\" data-settings=\"{&quot;animation&quot;:&quot;fadeInUp&quot;}\">\n\t\t\t<div class=\"elementor-widget-wrap elementor-element-populated\">\n\t\t\t\t\t\t<div class=\"elementor-element elementor-element-20baa76 elementor-widget elementor-widget-image\" data-id=\"20baa76\" data-element_type=\"widget\" data-widget_type=\"image.default\">\n\t\t\t\t<div class=\"elementor-widget-container\">\n\t\t\t\t\t\t\t\t\t\t\t\t\t\t\t<img decoding=\"async\" width=\"1874\" height=\"1500\" src=\"https:\/\/cardisan.com\/wp-content\/uploads\/CAPAQUEBRADA-JAMON.jpg\" class=\"attachment-full size-full wp-image-2982\" alt=\"\" srcset=\"https:\/\/cardisan.com\/wp-content\/uploads\/CAPAQUEBRADA-JAMON.jpg 1874w, https:\/\/cardisan.com\/wp-content\/uploads\/CAPAQUEBRADA-JAMON-300x240.jpg 300w, https:\/\/cardisan.com\/wp-content\/uploads\/CAPAQUEBRADA-JAMON-1024x820.jpg 1024w, https:\/\/cardisan.com\/wp-content\/uploads\/CAPAQUEBRADA-JAMON-768x615.jpg 768w, https:\/\/cardisan.com\/wp-content\/uploads\/CAPAQUEBRADA-JAMON-1536x1229.jpg 1536w\" sizes=\"(max-width: 1874px) 100vw, 1874px\" \/>\t\t\t\t\t\t\t\t\t\t\t\t\t\t\t<\/div>\n\t\t\t\t<\/div>\n\t\t\t\t\t<\/div>\n\t\t<\/div>\n\t\t\t\t\t<\/div>\n\t\t<\/section>\n\t\t\t\t<section class=\"elementor-section elementor-top-section elementor-element elementor-element-8dd24d6 elementor-section-boxed elementor-section-height-default elementor-section-height-default\" data-id=\"8dd24d6\" data-element_type=\"section\">\n\t\t\t\t\t\t<div class=\"elementor-container elementor-column-gap-default\">\n\t\t\t\t\t<div class=\"elementor-column elementor-col-100 elementor-top-column elementor-element elementor-element-744269e\" data-id=\"744269e\" data-element_type=\"column\">\n\t\t\t<div class=\"elementor-widget-wrap elementor-element-populated\">\n\t\t\t\t\t\t<div class=\"elementor-element elementor-element-37e6af3 elementor-invisible elementor-widget elementor-widget-heading\" data-id=\"37e6af3\" data-element_type=\"widget\" data-settings=\"{&quot;_animation_mobile&quot;:&quot;fadeInUp&quot;,&quot;_animation&quot;:&quot;fadeIn&quot;}\" data-widget_type=\"heading.default\">\n\t\t\t\t<div class=\"elementor-widget-container\">\n\t\t\t\t\t<h2 class=\"elementor-heading-title elementor-size-default\">Eine au\u00dfergew\u00f6hnliche Herkunft: <br>die reinrassigen Iberischen Schweine.<\/h2>\t\t\t\t<\/div>\n\t\t\t\t<\/div>\n\t\t\t\t<div class=\"elementor-element elementor-element-fa6cb97 elementor-invisible elementor-widget elementor-widget-text-editor\" data-id=\"fa6cb97\" data-element_type=\"widget\" data-settings=\"{&quot;_animation&quot;:&quot;fadeInLeft&quot;}\" data-widget_type=\"text-editor.default\">\n\t\t\t\t<div class=\"elementor-widget-container\">\n\t\t\t\t\t\t\t\t\t<p>Das Geheimnis von Capaquebrada liegt in seiner Herkunft. Unsere Schweine sind reinrassige Iberische Schweine. Sorgf\u00e4ltig aufgezogen, frei, genie\u00dfen sie ein Leben im Einklang mit der Natur und ern\u00e4hren sich w\u00e4hrend der Montanera von den Eicheln der tausendj\u00e4hrigen Dehesas.<\/p>\n\t\t\t\t\t\t\t\t<\/div>\n\t\t\t\t<\/div>\n\t\t\t\t\t<\/div>\n\t\t<\/div>\n\t\t\t\t\t<\/div>\n\t\t<\/section>\n\t\t\t\t<section class=\"elementor-section elementor-top-section elementor-element elementor-element-2d72342 elementor-section-full_width elementor-section-height-min-height elementor-section-stretched elementor-section-height-default elementor-section-items-middle\" data-id=\"2d72342\" data-element_type=\"section\" data-settings=\"{&quot;stretch_section&quot;:&quot;section-stretched&quot;,&quot;background_background&quot;:&quot;classic&quot;,&quot;background_motion_fx_motion_fx_scrolling&quot;:&quot;yes&quot;,&quot;background_motion_fx_translateX_effect&quot;:&quot;yes&quot;,&quot;background_motion_fx_translateX_speed&quot;:{&quot;unit&quot;:&quot;px&quot;,&quot;size&quot;:4,&quot;sizes&quot;:[]},&quot;background_motion_fx_translateX_affectedRange&quot;:{&quot;unit&quot;:&quot;%&quot;,&quot;size&quot;:&quot;&quot;,&quot;sizes&quot;:{&quot;start&quot;:0,&quot;end&quot;:100}},&quot;background_motion_fx_devices&quot;:[&quot;desktop&quot;,&quot;tablet&quot;,&quot;mobile&quot;]}\">\n\t\t\t\t\t\t<div class=\"elementor-container elementor-column-gap-default\">\n\t\t\t\t\t<div class=\"elementor-column elementor-col-100 elementor-top-column elementor-element elementor-element-d4d5a60\" data-id=\"d4d5a60\" data-element_type=\"column\">\n\t\t\t<div class=\"elementor-widget-wrap\">\n\t\t\t\t\t\t\t<\/div>\n\t\t<\/div>\n\t\t\t\t\t<\/div>\n\t\t<\/section>\n\t\t\t\t<section class=\"elementor-section elementor-top-section elementor-element elementor-element-c308913 elementor-section-full_width elementor-section-stretched elementor-section-height-default elementor-section-height-default\" data-id=\"c308913\" data-element_type=\"section\" data-settings=\"{&quot;stretch_section&quot;:&quot;section-stretched&quot;}\">\n\t\t\t\t\t\t<div class=\"elementor-container elementor-column-gap-no\">\n\t\t\t\t\t<div class=\"elementor-column elementor-col-100 elementor-top-column elementor-element elementor-element-718ff1b\" data-id=\"718ff1b\" data-element_type=\"column\">\n\t\t\t<div class=\"elementor-widget-wrap elementor-element-populated\">\n\t\t\t\t\t\t<div class=\"elementor-element elementor-element-55667d5 elementor-widget elementor-widget-image-gallery\" data-id=\"55667d5\" data-element_type=\"widget\" data-widget_type=\"image-gallery.default\">\n\t\t\t\t<div class=\"elementor-widget-container\">\n\t\t\t\t\t\t\t<div class=\"elementor-image-gallery\">\n\t\t\t<div id='gallery-1' class='gallery galleryid-2973 gallery-columns-5 gallery-size-full'><figure class='gallery-item'>\n\t\t\t<div class='gallery-icon landscape'>\n\t\t\t\t<a data-elementor-open-lightbox=\"yes\" data-elementor-lightbox-slideshow=\"55667d5\" data-e-action-hash=\"#elementor-action%3Aaction%3Dlightbox%26settings%3DeyJpZCI6Mjk4NiwidXJsIjoiaHR0cHM6XC9cL2NhcmRpc2FuLmNvbVwvd3AtY29udGVudFwvdXBsb2Fkc1wvY2FwYXF1ZWJyYWRhMDMuanBnIiwic2xpZGVzaG93IjoiNTU2NjdkNSJ9\" href='https:\/\/cardisan.com\/wp-content\/uploads\/capaquebrada03.jpg'><img decoding=\"async\" width=\"1000\" height=\"750\" src=\"https:\/\/cardisan.com\/wp-content\/uploads\/capaquebrada03.jpg\" class=\"attachment-full size-full\" alt=\"\" srcset=\"https:\/\/cardisan.com\/wp-content\/uploads\/capaquebrada03.jpg 1000w, https:\/\/cardisan.com\/wp-content\/uploads\/capaquebrada03-300x225.jpg 300w, https:\/\/cardisan.com\/wp-content\/uploads\/capaquebrada03-768x576.jpg 768w\" sizes=\"(max-width: 1000px) 100vw, 1000px\" \/><\/a>\n\t\t\t<\/div><\/figure><figure class='gallery-item'>\n\t\t\t<div class='gallery-icon landscape'>\n\t\t\t\t<a data-elementor-open-lightbox=\"yes\" data-elementor-lightbox-slideshow=\"55667d5\" data-e-action-hash=\"#elementor-action%3Aaction%3Dlightbox%26settings%3DeyJpZCI6Mjk4NywidXJsIjoiaHR0cHM6XC9cL2NhcmRpc2FuLmNvbVwvd3AtY29udGVudFwvdXBsb2Fkc1wvY2FwYXF1ZWJyYWRhMDQuanBnIiwic2xpZGVzaG93IjoiNTU2NjdkNSJ9\" href='https:\/\/cardisan.com\/wp-content\/uploads\/capaquebrada04.jpg'><img loading=\"lazy\" decoding=\"async\" width=\"1000\" height=\"750\" src=\"https:\/\/cardisan.com\/wp-content\/uploads\/capaquebrada04.jpg\" class=\"attachment-full size-full\" alt=\"\" srcset=\"https:\/\/cardisan.com\/wp-content\/uploads\/capaquebrada04.jpg 1000w, https:\/\/cardisan.com\/wp-content\/uploads\/capaquebrada04-300x225.jpg 300w, https:\/\/cardisan.com\/wp-content\/uploads\/capaquebrada04-768x576.jpg 768w\" sizes=\"(max-width: 1000px) 100vw, 1000px\" \/><\/a>\n\t\t\t<\/div><\/figure><figure class='gallery-item'>\n\t\t\t<div class='gallery-icon landscape'>\n\t\t\t\t<a data-elementor-open-lightbox=\"yes\" data-elementor-lightbox-slideshow=\"55667d5\" data-e-action-hash=\"#elementor-action%3Aaction%3Dlightbox%26settings%3DeyJpZCI6Mjk4OCwidXJsIjoiaHR0cHM6XC9cL2NhcmRpc2FuLmNvbVwvd3AtY29udGVudFwvdXBsb2Fkc1wvY2FwYXF1ZWJyYWRhMDUuanBnIiwic2xpZGVzaG93IjoiNTU2NjdkNSJ9\" href='https:\/\/cardisan.com\/wp-content\/uploads\/capaquebrada05.jpg'><img loading=\"lazy\" decoding=\"async\" width=\"1000\" height=\"750\" src=\"https:\/\/cardisan.com\/wp-content\/uploads\/capaquebrada05.jpg\" class=\"attachment-full size-full\" alt=\"\" srcset=\"https:\/\/cardisan.com\/wp-content\/uploads\/capaquebrada05.jpg 1000w, https:\/\/cardisan.com\/wp-content\/uploads\/capaquebrada05-300x225.jpg 300w, https:\/\/cardisan.com\/wp-content\/uploads\/capaquebrada05-768x576.jpg 768w\" sizes=\"(max-width: 1000px) 100vw, 1000px\" \/><\/a>\n\t\t\t<\/div><\/figure><figure class='gallery-item'>\n\t\t\t<div class='gallery-icon landscape'>\n\t\t\t\t<a data-elementor-open-lightbox=\"yes\" data-elementor-lightbox-slideshow=\"55667d5\" data-e-action-hash=\"#elementor-action%3Aaction%3Dlightbox%26settings%3DeyJpZCI6MjkyNiwidXJsIjoiaHR0cHM6XC9cL2NhcmRpc2FuLmNvbVwvd3AtY29udGVudFwvdXBsb2Fkc1wvY2FwYXF1ZWJyYWRhMDEuanBnIiwic2xpZGVzaG93IjoiNTU2NjdkNSJ9\" href='https:\/\/cardisan.com\/wp-content\/uploads\/capaquebrada01.jpg'><img loading=\"lazy\" decoding=\"async\" width=\"1000\" height=\"750\" src=\"https:\/\/cardisan.com\/wp-content\/uploads\/capaquebrada01.jpg\" class=\"attachment-full size-full\" alt=\"\" srcset=\"https:\/\/cardisan.com\/wp-content\/uploads\/capaquebrada01.jpg 1000w, https:\/\/cardisan.com\/wp-content\/uploads\/capaquebrada01-300x225.jpg 300w, https:\/\/cardisan.com\/wp-content\/uploads\/capaquebrada01-768x576.jpg 768w\" sizes=\"(max-width: 1000px) 100vw, 1000px\" \/><\/a>\n\t\t\t<\/div><\/figure><figure class='gallery-item'>\n\t\t\t<div class='gallery-icon landscape'>\n\t\t\t\t<a data-elementor-open-lightbox=\"yes\" data-elementor-lightbox-slideshow=\"55667d5\" data-e-action-hash=\"#elementor-action%3Aaction%3Dlightbox%26settings%3DeyJpZCI6Mjk2OSwidXJsIjoiaHR0cHM6XC9cL2NhcmRpc2FuLmNvbVwvd3AtY29udGVudFwvdXBsb2Fkc1wvY2FwYXF1ZWJyYWRhMDIuanBnIiwic2xpZGVzaG93IjoiNTU2NjdkNSJ9\" href='https:\/\/cardisan.com\/wp-content\/uploads\/capaquebrada02.jpg'><img loading=\"lazy\" decoding=\"async\" width=\"1000\" height=\"750\" src=\"https:\/\/cardisan.com\/wp-content\/uploads\/capaquebrada02.jpg\" class=\"attachment-full size-full\" alt=\"\" srcset=\"https:\/\/cardisan.com\/wp-content\/uploads\/capaquebrada02.jpg 1000w, https:\/\/cardisan.com\/wp-content\/uploads\/capaquebrada02-300x225.jpg 300w, https:\/\/cardisan.com\/wp-content\/uploads\/capaquebrada02-768x576.jpg 768w\" sizes=\"(max-width: 1000px) 100vw, 1000px\" \/><\/a>\n\t\t\t<\/div><\/figure>\n\t\t<\/div>\n\t\t<\/div>\n\t\t\t\t\t\t<\/div>\n\t\t\t\t<\/div>\n\t\t\t\t\t<\/div>\n\t\t<\/div>\n\t\t\t\t\t<\/div>\n\t\t<\/section>\n\t\t\t\t<section class=\"elementor-section elementor-top-section elementor-element elementor-element-1e600c5 elementor-section-height-min-height elementor-section-boxed elementor-section-height-default elementor-section-items-middle\" data-id=\"1e600c5\" data-element_type=\"section\" data-settings=\"{&quot;background_background&quot;:&quot;classic&quot;}\">\n\t\t\t\t\t\t<div class=\"elementor-container elementor-column-gap-default\">\n\t\t\t\t\t<div class=\"elementor-column elementor-col-50 elementor-top-column elementor-element elementor-element-2e9d819\" data-id=\"2e9d819\" data-element_type=\"column\">\n\t\t\t<div class=\"elementor-widget-wrap elementor-element-populated\">\n\t\t\t\t\t\t<div class=\"elementor-element elementor-element-3047cf3 elementor-invisible elementor-widget elementor-widget-heading\" data-id=\"3047cf3\" data-element_type=\"widget\" data-settings=\"{&quot;_animation_mobile&quot;:&quot;fadeInUp&quot;,&quot;_animation&quot;:&quot;fadeIn&quot;}\" data-widget_type=\"heading.default\">\n\t\t\t\t<div class=\"elementor-widget-container\">\n\t\t\t\t\t<h2 class=\"elementor-heading-title elementor-size-default\">Die Montanera: ein grundlegender Zeitraum in der Produktion unserer Schinken.<\/h2>\t\t\t\t<\/div>\n\t\t\t\t<\/div>\n\t\t\t\t<div class=\"elementor-element elementor-element-25e4fa2 elementor-invisible elementor-widget elementor-widget-text-editor\" data-id=\"25e4fa2\" data-element_type=\"widget\" data-settings=\"{&quot;_animation&quot;:&quot;fadeInLeft&quot;}\" data-widget_type=\"text-editor.default\">\n\t\t\t\t<div class=\"elementor-widget-container\">\n\t\t\t\t\t\t\t\t\t<p>Die Montanera, die Zeit, in der unsere Schweine sich von Eicheln, Kr\u00e4utern und Wurzeln ern\u00e4hren, ist von grundlegender Bedeutung f\u00fcr die Qualit\u00e4t unserer Capaquebrada-Schinken. In dieser Zeit verdoppeln die Schweine fast ihr Gewicht und entwickeln eine perfekte Einlagerung von Fett in das Muskelgewebe, was zu der Textur und dem unvergleichlichen Geschmack f\u00fchrt, die unsere Schinken auszeichnen.<\/p>\n\t\t\t\t\t\t\t\t<\/div>\n\t\t\t\t<\/div>\n\t\t\t\t\t<\/div>\n\t\t<\/div>\n\t\t\t\t<div class=\"elementor-column elementor-col-50 elementor-top-column elementor-element elementor-element-b1ecab8\" data-id=\"b1ecab8\" data-element_type=\"column\">\n\t\t\t<div class=\"elementor-widget-wrap elementor-element-populated\">\n\t\t\t\t\t\t<div class=\"elementor-element elementor-element-c9c5207 elementor-widget elementor-widget-image\" data-id=\"c9c5207\" data-element_type=\"widget\" data-widget_type=\"image.default\">\n\t\t\t\t<div class=\"elementor-widget-container\">\n\t\t\t\t\t\t\t\t\t\t\t\t\t\t\t<img loading=\"lazy\" decoding=\"async\" width=\"700\" height=\"700\" src=\"https:\/\/cardisan.com\/wp-content\/uploads\/bellotas.png\" class=\"attachment-large size-large wp-image-2977\" alt=\"\" srcset=\"https:\/\/cardisan.com\/wp-content\/uploads\/bellotas.png 700w, https:\/\/cardisan.com\/wp-content\/uploads\/bellotas-300x300.png 300w, https:\/\/cardisan.com\/wp-content\/uploads\/bellotas-150x150.png 150w\" sizes=\"(max-width: 700px) 100vw, 700px\" \/>\t\t\t\t\t\t\t\t\t\t\t\t\t\t\t<\/div>\n\t\t\t\t<\/div>\n\t\t\t\t\t<\/div>\n\t\t<\/div>\n\t\t\t\t\t<\/div>\n\t\t<\/section>\n\t\t\t\t<section class=\"elementor-section elementor-top-section elementor-element elementor-element-661ab65 elementor-section-height-min-height elementor-section-boxed elementor-section-height-default elementor-section-items-middle\" data-id=\"661ab65\" data-element_type=\"section\" data-settings=\"{&quot;background_background&quot;:&quot;classic&quot;}\">\n\t\t\t\t\t\t<div class=\"elementor-container elementor-column-gap-default\">\n\t\t\t\t\t<div class=\"elementor-column elementor-col-100 elementor-top-column elementor-element elementor-element-4401bd5\" data-id=\"4401bd5\" data-element_type=\"column\">\n\t\t\t<div class=\"elementor-widget-wrap\">\n\t\t\t\t\t\t\t<\/div>\n\t\t<\/div>\n\t\t\t\t\t<\/div>\n\t\t<\/section>\n\t\t\t\t<section class=\"elementor-section elementor-top-section elementor-element elementor-element-2141d7f elementor-section-boxed elementor-section-height-default elementor-section-height-default\" data-id=\"2141d7f\" data-element_type=\"section\" data-settings=\"{&quot;background_background&quot;:&quot;classic&quot;}\">\n\t\t\t\t\t\t<div class=\"elementor-container elementor-column-gap-default\">\n\t\t\t\t\t<div class=\"elementor-column elementor-col-100 elementor-top-column elementor-element elementor-element-deb0295\" data-id=\"deb0295\" data-element_type=\"column\">\n\t\t\t<div class=\"elementor-widget-wrap elementor-element-populated\">\n\t\t\t\t\t\t<div class=\"elementor-element elementor-element-b00cb49 elementor-invisible elementor-widget elementor-widget-heading\" data-id=\"b00cb49\" data-element_type=\"widget\" data-settings=\"{&quot;_animation_mobile&quot;:&quot;fadeInUp&quot;,&quot;_animation&quot;:&quot;fadeIn&quot;}\" data-widget_type=\"heading.default\">\n\t\t\t\t<div class=\"elementor-widget-container\">\n\t\t\t\t\t<h2 class=\"elementor-heading-title elementor-size-default\">Die Kunst der Reifung.<\/h2>\t\t\t\t<\/div>\n\t\t\t\t<\/div>\n\t\t\t\t<div class=\"elementor-element elementor-element-f9ac1d2 elementor-invisible elementor-widget elementor-widget-text-editor\" data-id=\"f9ac1d2\" data-element_type=\"widget\" data-settings=\"{&quot;_animation&quot;:&quot;fadeInLeft&quot;}\" data-widget_type=\"text-editor.default\">\n\t\t\t\t<div class=\"elementor-widget-container\">\n\t\t\t\t\t\t\t\t\t<p>Bei Cardis\u00e1n trifft Tradition auf Innovation im Reifungsprozess. Jedes St\u00fcck Capaquebrada durchl\u00e4uft einen sorgf\u00e4ltigen, handwerklichen Prozess, bei dem die von Generation zu Generation weitergegebene Erfahrung mit modernster Technologie kombiniert wird.<\/p>\n<p>Unsere Meisterschinkenmacher \u00fcberwachen jedes Detail w\u00e4hrend des langsamen Reifungsprozesses, der bei manchen St\u00fccken mehr als 80 Monate dauert, um sicherzustellen, dass jeder Schinken sein maximales Potenzial in Bezug auf Geschmack und Qualit\u00e4t erreicht.<\/p>\n\t\t\t\t\t\t\t\t<\/div>\n\t\t\t\t<\/div>\n\t\t\t\t\t<\/div>\n\t\t<\/div>\n\t\t\t\t\t<\/div>\n\t\t<\/section>\n\t\t\t\t<\/div>\n\t\t","protected":false},"excerpt":{"rendered":"<p>Willkommen zur Exzellenz. Willkommen zu Capaquebrada Capaquebrada ist die Kr\u00f6nung unserer Leidenschaft f\u00fcr Tradition und Qualit\u00e4t. Jede Scheibe Schinken ist eine Hommage an die Natur, an die reine iberische Rasse und an die Hingabe und Arbeit vieler Jahre. Eine au\u00dfergew\u00f6hnliche Herkunft: die reinrassigen Iberischen Schweine. Das Geheimnis von Capaquebrada liegt in seiner Herkunft. Unsere Schweine [&hellip;]<\/p>\n","protected":false},"author":1,"featured_media":2982,"parent":2963,"menu_order":0,"comment_status":"closed","ping_status":"closed","template":"","meta":{"footnotes":""},"class_list":["post-2973","page","type-page","status-publish","has-post-thumbnail","hentry"],"_links":{"self":[{"href":"https:\/\/cardisan.com\/de\/wp-json\/wp\/v2\/pages\/2973","targetHints":{"allow":["GET"]}}],"collection":[{"href":"https:\/\/cardisan.com\/de\/wp-json\/wp\/v2\/pages"}],"about":[{"href":"https:\/\/cardisan.com\/de\/wp-json\/wp\/v2\/types\/page"}],"author":[{"embeddable":true,"href":"https:\/\/cardisan.com\/de\/wp-json\/wp\/v2\/users\/1"}],"replies":[{"embeddable":true,"href":"https:\/\/cardisan.com\/de\/wp-json\/wp\/v2\/comments?post=2973"}],"version-history":[{"count":0,"href":"https:\/\/cardisan.com\/de\/wp-json\/wp\/v2\/pages\/2973\/revisions"}],"up":[{"embeddable":true,"href":"https:\/\/cardisan.com\/de\/wp-json\/wp\/v2\/pages\/2963"}],"wp:featuredmedia":[{"embeddable":true,"href":"https:\/\/cardisan.com\/de\/wp-json\/wp\/v2\/media\/2982"}],"wp:attachment":[{"href":"https:\/\/cardisan.com\/de\/wp-json\/wp\/v2\/media?parent=2973"}],"curies":[{"name":"wp","href":"https:\/\/api.w.org\/{rel}","templated":true}]}}